{"id":3,"date":"2025-12-01T07:44:34","date_gmt":"2025-12-01T07:44:34","guid":{"rendered":"https:\/\/cerrajeriaosfran.com\/?page_id=3"},"modified":"2025-12-02T11:59:34","modified_gmt":"2025-12-02T11:59:34","slug":"politica-de-privacidad","status":"publish","type":"page","link":"https:\/\/cerrajeriaosfran.com\/index.php\/politica-de-privacidad\/","title":{"rendered":"Pol\u00edtica de privacidad"},"content":{"rendered":"\t\t<div data-elementor-type=\"wp-page\" data-elementor-id=\"3\" class=\"elementor elementor-3\">\n\t\t\t\t<div class=\"elementor-element elementor-element-c0e3701 e-flex e-con-boxed e-con e-parent\" data-id=\"c0e3701\" data-element_type=\"container\">\n\t\t\t\t\t<div class=\"e-con-inner\">\n\t\t\t\t<div class=\"elementor-element elementor-element-340cda2 elementor-widget elementor-widget-heading\" data-id=\"340cda2\" data-element_type=\"widget\" data-widget_type=\"heading.default\">\n\t\t\t\t\t<h1 class=\"elementor-heading-title elementor-size-default\">POL\u00cdTICA DE PRIVACIDAD<\/h1>\t\t\t\t<\/div>\n\t\t\t\t\t<\/div>\n\t\t\t\t<\/div>\n\t\t<div class=\"elementor-element elementor-element-c1857c6 e-flex e-con-boxed e-con e-parent\" data-id=\"c1857c6\" data-element_type=\"container\">\n\t\t\t\t\t<div class=\"e-con-inner\">\n\t\t\t\t<div class=\"elementor-element elementor-element-860cb1f elementor-widget elementor-widget-text-editor\" data-id=\"860cb1f\" data-element_type=\"widget\" data-widget_type=\"text-editor.default\">\n\t\t\t\t\t\t\t\t\t<h2 data-start=\"229\" data-end=\"264\"><span style=\"color: #000000;\">1. Responsable del tratamiento<\/span><\/h2><p data-start=\"265\" data-end=\"450\"><span style=\"color: #000000;\">En cumplimiento del Reglamento (UE) 2016\/679 (RGPD) y la Ley Org\u00e1nica 3\/2018 (LOPDGDD), se informa de que los datos personales facilitados a trav\u00e9s de este sitio web ser\u00e1n tratados por:<\/span><\/p><p data-start=\"452\" data-end=\"728\"><span style=\"color: #000000;\"><strong data-start=\"452\" data-end=\"468\">Responsable:<\/strong> Cerrajer\u00eda Osfran C.B.<\/span><br data-start=\"491\" data-end=\"494\" \/><span style=\"color: #000000;\"><strong data-start=\"494\" data-end=\"506\">Titular:<\/strong> \u00d3scar Berzosa Pereira<\/span><br data-start=\"528\" data-end=\"531\" \/><span style=\"color: #000000;\"><strong data-start=\"531\" data-end=\"539\">CIF:<\/strong> E19425511<\/span><br data-start=\"549\" data-end=\"552\" \/><span style=\"color: #000000;\"><strong data-start=\"552\" data-end=\"566\">Direcci\u00f3n:<\/strong> Paraje Caba\u00f1ares, 42157 Covaleda, Soria (Espa\u00f1a)<\/span><br data-start=\"615\" data-end=\"618\" \/><span style=\"color: #000000;\"><strong data-start=\"618\" data-end=\"628\">Email:<\/strong> <a class=\"decorated-link cursor-pointer\" style=\"color: #000000;\" rel=\"noopener\" data-start=\"629\" data-end=\"652\">forjaosfran@hotmail.com<\/a><\/span><br data-start=\"652\" data-end=\"655\" \/><span style=\"color: #000000;\"><strong data-start=\"655\" data-end=\"668\">Tel\u00e9fono:<\/strong> 639 08 94 06<\/span><br data-start=\"681\" data-end=\"684\" \/><span style=\"color: #000000;\"><strong data-start=\"684\" data-end=\"698\">Sitio web:<\/strong> <a class=\"decorated-link\" style=\"color: #000000;\" href=\"https:\/\/cerrajeriaosfran.com\/\" target=\"_new\" rel=\"noopener\" data-start=\"699\" data-end=\"728\">https:\/\/cerrajeriaosfran.com\/<\/a><\/span><\/p><hr data-start=\"730\" data-end=\"733\" \/><h2 data-start=\"735\" data-end=\"770\"><span style=\"color: #000000;\">2. Finalidades del tratamiento<\/span><\/h2><p data-start=\"771\" data-end=\"873\"><span style=\"color: #000000;\">Los datos personales facilitados por el usuario podr\u00e1n ser utilizados para las siguientes finalidades:<\/span><\/p><h3 data-start=\"875\" data-end=\"914\"><span style=\"color: #000000;\">a) Contacto y atenci\u00f3n al usuario<\/span><\/h3><ul data-start=\"915\" data-end=\"1140\"><li data-start=\"915\" data-end=\"980\"><p data-start=\"917\" data-end=\"980\"><span style=\"color: #000000;\">Responder consultas enviadas a trav\u00e9s de formularios o email.<\/span><\/p><\/li><li data-start=\"981\" data-end=\"1064\"><p data-start=\"983\" data-end=\"1064\"><span style=\"color: #000000;\">Facilitar informaci\u00f3n relacionada con nuestros servicios de cerrajer\u00eda y forja.<\/span><\/p><\/li><li data-start=\"1065\" data-end=\"1140\"><p data-start=\"1067\" data-end=\"1140\"><span style=\"color: #000000;\">Preparar presupuestos o propuestas comerciales a petici\u00f3n del interesado.<\/span><\/p><\/li><\/ul><h3 data-start=\"1142\" data-end=\"1168\"><span style=\"color: #000000;\">b) Gesti\u00f3n comercial<\/span><\/h3><ul data-start=\"1169\" data-end=\"1317\"><li data-start=\"1169\" data-end=\"1243\"><p data-start=\"1171\" data-end=\"1243\"><span style=\"color: #000000;\">Mantener comunicaci\u00f3n profesional con clientes y potenciales clientes.<\/span><\/p><\/li><li data-start=\"1244\" data-end=\"1317\"><p data-start=\"1246\" data-end=\"1317\"><span style=\"color: #000000;\">Enviar informaci\u00f3n relacionada con servicios contratados o solicitados.<\/span><\/p><\/li><\/ul><h3 data-start=\"1319\" data-end=\"1348\"><span style=\"color: #000000;\">c) Obligaciones legales<\/span><\/h3><ul data-start=\"1349\" data-end=\"1456\"><li data-start=\"1349\" data-end=\"1456\"><p data-start=\"1351\" data-end=\"1456\"><span style=\"color: #000000;\">Cumplimiento de obligaciones fiscales, contables y administrativas derivadas de la actividad profesional.<\/span><\/p><\/li><\/ul><p data-start=\"1458\" data-end=\"1542\"><span style=\"color: #000000;\">No se tomar\u00e1n decisiones automatizadas ni se elaborar\u00e1n perfiles sobre los usuarios.<\/span><\/p><hr data-start=\"1544\" data-end=\"1547\" \/><h2 data-start=\"1549\" data-end=\"1569\"><span style=\"color: #000000;\">3. Legitimaci\u00f3n<\/span><\/h2><p data-start=\"1570\" data-end=\"1657\"><span style=\"color: #000000;\">El tratamiento de los datos personales se realiza sobre las siguientes bases jur\u00eddicas:<\/span><\/p><ul data-start=\"1659\" data-end=\"1914\"><li data-start=\"1659\" data-end=\"1744\"><p data-start=\"1661\" data-end=\"1744\"><span style=\"color: #000000;\"><strong data-start=\"1661\" data-end=\"1691\">Consentimiento del usuario<\/strong> al enviar un formulario o email (art. 6.1.a RGPD).<\/span><\/p><\/li><li data-start=\"1745\" data-end=\"1852\"><p data-start=\"1747\" data-end=\"1852\"><span style=\"color: #000000;\"><strong data-start=\"1747\" data-end=\"1805\">Ejecuci\u00f3n de medidas precontractuales o de un contrato<\/strong> solicitado por el usuario (art. 6.1.b RGPD).<\/span><\/p><\/li><li data-start=\"1853\" data-end=\"1914\"><p data-start=\"1855\" data-end=\"1914\"><span style=\"color: #000000;\"><strong data-start=\"1855\" data-end=\"1895\">Cumplimiento de obligaciones legales<\/strong> (art. 6.1.c RGPD).<\/span><\/p><\/li><\/ul><hr data-start=\"1916\" data-end=\"1919\" \/><h2 data-start=\"1921\" data-end=\"1954\"><span style=\"color: #000000;\">4. Conservaci\u00f3n de los datos<\/span><\/h2><p data-start=\"1955\" data-end=\"2010\"><span style=\"color: #000000;\">Los datos se conservar\u00e1n durante los siguientes plazos:<\/span><\/p><ul data-start=\"2012\" data-end=\"2376\"><li data-start=\"2012\" data-end=\"2117\"><p data-start=\"2014\" data-end=\"2117\"><span style=\"color: #000000;\"><strong data-start=\"2014\" data-end=\"2057\">Consultas o solicitudes de informaci\u00f3n:<\/strong> hasta resolver la solicitud o durante un m\u00e1ximo de 1 a\u00f1o.<\/span><\/p><\/li><li data-start=\"2118\" data-end=\"2272\"><p data-start=\"2120\" data-end=\"2272\"><span style=\"color: #000000;\"><strong data-start=\"2120\" data-end=\"2183\">Datos necesarios para relaciones comerciales o facturaci\u00f3n:<\/strong> durante los plazos exigidos por ley (normalmente 5 a\u00f1os en materia fiscal y contable).<\/span><\/p><\/li><li data-start=\"2273\" data-end=\"2376\"><p data-start=\"2275\" data-end=\"2376\"><span style=\"color: #000000;\"><strong data-start=\"2275\" data-end=\"2300\">Correos electr\u00f3nicos:<\/strong> mientras se mantenga la relaci\u00f3n profesional y no se solicite su supresi\u00f3n.<\/span><\/p><\/li><\/ul><hr data-start=\"2378\" data-end=\"2381\" \/><h2 data-start=\"2383\" data-end=\"2417\"><span style=\"color: #000000;\">5. Destinatarios de los datos<\/span><\/h2><p data-start=\"2418\" data-end=\"2466\"><span style=\"color: #000000;\">No se ceder\u00e1n datos personales a terceros salvo:<\/span><\/p><ul data-start=\"2468\" data-end=\"2691\"><li data-start=\"2468\" data-end=\"2533\"><p data-start=\"2470\" data-end=\"2533\"><span style=\"color: #000000;\">Obligaci\u00f3n legal (Hacienda, Administraciones p\u00fablicas, etc.).<\/span><\/p><\/li><li data-start=\"2534\" data-end=\"2691\"><p data-start=\"2536\" data-end=\"2691\"><span style=\"color: #000000;\">Servicios estrictamente necesarios para el funcionamiento de la web (alojamiento web), siempre con contratos de encargado del tratamiento conforme al RGPD.<\/span><\/p><\/li><\/ul><p data-start=\"2693\" data-end=\"2737\"><span style=\"color: #000000;\">En ning\u00fan caso se vender\u00e1n datos personales.<\/span><\/p><hr data-start=\"2739\" data-end=\"2742\" \/><h2 data-start=\"2744\" data-end=\"2772\"><span style=\"color: #000000;\">6. Derechos del usuario<\/span><\/h2><p data-start=\"2773\" data-end=\"2822\"><span style=\"color: #000000;\">El usuario puede ejercer los siguientes derechos:<\/span><\/p><ul data-start=\"2824\" data-end=\"3135\"><li data-start=\"2824\" data-end=\"2865\"><p data-start=\"2826\" data-end=\"2865\"><span style=\"color: #000000;\"><strong data-start=\"2826\" data-end=\"2837\">Acceso:<\/strong> saber qu\u00e9 datos tratamos.<\/span><\/p><\/li><li data-start=\"2866\" data-end=\"2932\"><p data-start=\"2868\" data-end=\"2932\"><span style=\"color: #000000;\"><strong data-start=\"2868\" data-end=\"2886\">Rectificaci\u00f3n:<\/strong> solicitar la correcci\u00f3n de datos inexactos.<\/span><\/p><\/li><li data-start=\"2933\" data-end=\"3001\"><p data-start=\"2935\" data-end=\"3001\"><span style=\"color: #000000;\"><strong data-start=\"2935\" data-end=\"2949\">Supresi\u00f3n:<\/strong> pedir la eliminaci\u00f3n de datos cuando sea posible.<\/span><\/p><\/li><li data-start=\"3002\" data-end=\"3062\"><p data-start=\"3004\" data-end=\"3062\"><span style=\"color: #000000;\"><strong data-start=\"3004\" data-end=\"3018\">Oposici\u00f3n:<\/strong> solicitar que no se traten ciertos datos.<\/span><\/p><\/li><li data-start=\"3063\" data-end=\"3098\"><p data-start=\"3065\" data-end=\"3098\"><span style=\"color: #000000;\"><strong data-start=\"3065\" data-end=\"3096\">Limitaci\u00f3n del tratamiento.<\/strong><\/span><\/p><\/li><li data-start=\"3099\" data-end=\"3135\"><p data-start=\"3101\" data-end=\"3135\"><span style=\"color: #000000;\"><strong data-start=\"3101\" data-end=\"3117\">Portabilidad<\/strong> (cuando proceda).<\/span><\/p><\/li><\/ul><p data-start=\"3137\" data-end=\"3173\"><span style=\"color: #000000;\">Para ejercerlos, puede contactar en:<\/span><\/p><p data-start=\"3175\" data-end=\"3251\"><span style=\"color: #000000;\">\ud83d\udce7 <strong data-start=\"3178\" data-end=\"3205\"><a class=\"decorated-link cursor-pointer\" style=\"color: #000000;\" rel=\"noopener\" data-start=\"3180\" data-end=\"3203\">forjaosfran@hotmail.com<\/a><\/strong><\/span><br data-start=\"3205\" data-end=\"3208\" \/><span style=\"color: #000000;\">\ud83d\udccd Paraje Caba\u00f1ares, 42157 Covaleda, Soria.<\/span><\/p><p data-start=\"3253\" data-end=\"3365\"><span style=\"color: #000000;\">Tambi\u00e9n puede presentar una reclamaci\u00f3n ante la <strong data-start=\"3301\" data-end=\"3351\">Agencia Espa\u00f1ola de Protecci\u00f3n de Datos (AEPD)<\/strong>: <a class=\"decorated-link cursor-pointer\" style=\"color: #000000;\" target=\"_new\" rel=\"noopener\" data-start=\"3353\" data-end=\"3364\">www.aepd.es<\/a>.<\/span><\/p><hr data-start=\"3367\" data-end=\"3370\" \/><h2 data-start=\"3372\" data-end=\"3402\"><span style=\"color: #000000;\">7. Seguridad de los datos<\/span><\/h2><p data-start=\"3403\" data-end=\"3605\"><span style=\"color: #000000;\">Cerrajer\u00eda Osfran C.B. aplica medidas t\u00e9cnicas y organizativas para garantizar la seguridad, confidencialidad e integridad de los datos personales, evitando accesos no autorizados, p\u00e9rdida o alteraci\u00f3n.<\/span><\/p><hr data-start=\"3607\" data-end=\"3610\" \/><h2 data-start=\"3612\" data-end=\"3637\"><span style=\"color: #000000;\">8. Datos de terceros<\/span><\/h2><p data-start=\"3638\" data-end=\"3801\"><span style=\"color: #000000;\">Si el usuario facilita datos personales de terceros, declara tener su autorizaci\u00f3n y se responsabiliza de informarles del contenido de esta Pol\u00edtica de Privacidad.<\/span><\/p><hr data-start=\"3803\" data-end=\"3806\" \/><h2 data-start=\"3808\" data-end=\"3831\"><span style=\"color: #000000;\">9. Menores de edad<\/span><\/h2><p data-start=\"3832\" data-end=\"3959\"><span style=\"color: #000000;\">Esta web no est\u00e1 dirigida a menores de 14 a\u00f1os.<\/span><br data-start=\"3879\" data-end=\"3882\" \/><span style=\"color: #000000;\">No se recopilar\u00e1n datos de menores sin consentimiento de sus tutores legales.<\/span><\/p><hr data-start=\"3961\" data-end=\"3964\" \/><h2 data-start=\"3966\" data-end=\"3989\"><span style=\"color: #000000;\">10. Modificaciones<\/span><\/h2><p data-start=\"3990\" data-end=\"4147\"><span style=\"color: #000000;\">La presente Pol\u00edtica de Privacidad podr\u00e1 actualizarse en cualquier momento.<\/span><br data-start=\"4065\" data-end=\"4068\" \/><span style=\"color: #000000;\">En caso de cambios relevantes, se informar\u00e1 al usuario mediante este sitio web.<\/span><\/p>\t\t\t\t\t\t\t\t<\/div>\n\t\t\t\t\t<\/div>\n\t\t\t\t<\/div>\n\t\t\t\t<\/div>\n\t\t","protected":false},"excerpt":{"rendered":"<p>POL\u00cdTICA DE PRIVACIDAD 1. Responsable del tratamiento En cumplimiento del Reglamento (UE) 2016\/679 (RGPD) y la Ley Org\u00e1nica 3\/2018 (LOPDGDD), se informa de que los&hellip;<\/p>\n","protected":false},"author":1,"featured_media":0,"parent":0,"menu_order":0,"comment_status":"closed","ping_status":"closed","template":"elementor_header_footer","meta":{"footnotes":""},"class_list":["post-3","page","type-page","status-publish","hentry"],"yoast_head":"<!-- This site is optimized with the Yoast SEO plugin v26.5 - https:\/\/yoast.com\/wordpress\/plugins\/seo\/ -->\n<title>Pol\u00edtica de Privacidad | Cerrajer\u00eda Osfran en Covaleda<\/title>\n<meta name=\"description\" content=\"Pol\u00edtica de Privacidad de Cerrajer\u00eda Osfran. Informaci\u00f3n sobre el tratamiento de datos en nuestra web servicios en Soria\" \/>\n<meta name=\"robots\" content=\"noindex, follow\" \/>\n<meta property=\"og:locale\" content=\"es_ES\" \/>\n<meta property=\"og:type\" content=\"article\" \/>\n<meta property=\"og:title\" content=\"Pol\u00edtica de Privacidad | Cerrajer\u00eda Osfran en Covaleda\" \/>\n<meta property=\"og:description\" content=\"Pol\u00edtica de Privacidad de Cerrajer\u00eda Osfran. Informaci\u00f3n sobre el tratamiento de datos en nuestra web servicios en Soria\" \/>\n<meta property=\"og:url\" content=\"https:\/\/cerrajeriaosfran.com\/index.php\/politica-de-privacidad\/\" \/>\n<meta property=\"og:site_name\" content=\"Cerrajeria Osfran\" \/>\n<meta property=\"article:publisher\" content=\"https:\/\/www.facebook.com\/cerrajeriaosfran.osfran\" \/>\n<meta property=\"article:modified_time\" content=\"2025-12-02T11:59:34+00:00\" \/>\n<meta name=\"twitter:card\" content=\"summary_large_image\" \/>\n<meta name=\"twitter:label1\" content=\"Tiempo de lectura\" \/>\n\t<meta name=\"twitter:data1\" content=\"3 minutos\" \/>\n<script type=\"application\/ld+json\" class=\"yoast-schema-graph\">{\"@context\":\"https:\/\/schema.org\",\"@graph\":[{\"@type\":\"WebPage\",\"@id\":\"https:\/\/cerrajeriaosfran.com\/index.php\/politica-de-privacidad\/\",\"url\":\"https:\/\/cerrajeriaosfran.com\/index.php\/politica-de-privacidad\/\",\"name\":\"Pol\u00edtica de Privacidad | Cerrajer\u00eda Osfran en Covaleda\",\"isPartOf\":{\"@id\":\"https:\/\/cerrajeriaosfran.com\/#website\"},\"datePublished\":\"2025-12-01T07:44:34+00:00\",\"dateModified\":\"2025-12-02T11:59:34+00:00\",\"description\":\"Pol\u00edtica de Privacidad de Cerrajer\u00eda Osfran. Informaci\u00f3n sobre el tratamiento de datos en nuestra web servicios en Soria\",\"breadcrumb\":{\"@id\":\"https:\/\/cerrajeriaosfran.com\/index.php\/politica-de-privacidad\/#breadcrumb\"},\"inLanguage\":\"es\",\"potentialAction\":[{\"@type\":\"ReadAction\",\"target\":[\"https:\/\/cerrajeriaosfran.com\/index.php\/politica-de-privacidad\/\"]}]},{\"@type\":\"BreadcrumbList\",\"@id\":\"https:\/\/cerrajeriaosfran.com\/index.php\/politica-de-privacidad\/#breadcrumb\",\"itemListElement\":[{\"@type\":\"ListItem\",\"position\":1,\"name\":\"Portada\",\"item\":\"https:\/\/cerrajeriaosfran.com\/\"},{\"@type\":\"ListItem\",\"position\":2,\"name\":\"Pol\u00edtica de privacidad\"}]},{\"@type\":\"WebSite\",\"@id\":\"https:\/\/cerrajeriaosfran.com\/#website\",\"url\":\"https:\/\/cerrajeriaosfran.com\/\",\"name\":\"Cerrajeria Osfran\",\"description\":\"\",\"publisher\":{\"@id\":\"https:\/\/cerrajeriaosfran.com\/#organization\"},\"potentialAction\":[{\"@type\":\"SearchAction\",\"target\":{\"@type\":\"EntryPoint\",\"urlTemplate\":\"https:\/\/cerrajeriaosfran.com\/?s={search_term_string}\"},\"query-input\":{\"@type\":\"PropertyValueSpecification\",\"valueRequired\":true,\"valueName\":\"search_term_string\"}}],\"inLanguage\":\"es\"},{\"@type\":\"Organization\",\"@id\":\"https:\/\/cerrajeriaosfran.com\/#organization\",\"name\":\"Cerrajeria Osfran\",\"url\":\"https:\/\/cerrajeriaosfran.com\/\",\"logo\":{\"@type\":\"ImageObject\",\"inLanguage\":\"es\",\"@id\":\"https:\/\/cerrajeriaosfran.com\/#\/schema\/logo\/image\/\",\"url\":\"https:\/\/cerrajeriaosfran.com\/wp-content\/uploads\/2025\/12\/Diseno-sin-titulo-5.png\",\"contentUrl\":\"https:\/\/cerrajeriaosfran.com\/wp-content\/uploads\/2025\/12\/Diseno-sin-titulo-5.png\",\"width\":400,\"height\":150,\"caption\":\"Cerrajeria Osfran\"},\"image\":{\"@id\":\"https:\/\/cerrajeriaosfran.com\/#\/schema\/logo\/image\/\"},\"sameAs\":[\"https:\/\/www.facebook.com\/cerrajeriaosfran.osfran\",\"https:\/\/www.instagram.com\/osfrancerrajeria\/\"]}]}<\/script>\n<!-- \/ Yoast SEO plugin. -->","yoast_head_json":{"title":"Pol\u00edtica de Privacidad | Cerrajer\u00eda Osfran en Covaleda","description":"Pol\u00edtica de Privacidad de Cerrajer\u00eda Osfran. Informaci\u00f3n sobre el tratamiento de datos en nuestra web servicios en Soria","robots":{"index":"noindex","follow":"follow"},"og_locale":"es_ES","og_type":"article","og_title":"Pol\u00edtica de Privacidad | Cerrajer\u00eda Osfran en Covaleda","og_description":"Pol\u00edtica de Privacidad de Cerrajer\u00eda Osfran. Informaci\u00f3n sobre el tratamiento de datos en nuestra web servicios en Soria","og_url":"https:\/\/cerrajeriaosfran.com\/index.php\/politica-de-privacidad\/","og_site_name":"Cerrajeria Osfran","article_publisher":"https:\/\/www.facebook.com\/cerrajeriaosfran.osfran","article_modified_time":"2025-12-02T11:59:34+00:00","twitter_card":"summary_large_image","twitter_misc":{"Tiempo de lectura":"3 minutos"},"schema":{"@context":"https:\/\/schema.org","@graph":[{"@type":"WebPage","@id":"https:\/\/cerrajeriaosfran.com\/index.php\/politica-de-privacidad\/","url":"https:\/\/cerrajeriaosfran.com\/index.php\/politica-de-privacidad\/","name":"Pol\u00edtica de Privacidad | Cerrajer\u00eda Osfran en Covaleda","isPartOf":{"@id":"https:\/\/cerrajeriaosfran.com\/#website"},"datePublished":"2025-12-01T07:44:34+00:00","dateModified":"2025-12-02T11:59:34+00:00","description":"Pol\u00edtica de Privacidad de Cerrajer\u00eda Osfran. Informaci\u00f3n sobre el tratamiento de datos en nuestra web servicios en Soria","breadcrumb":{"@id":"https:\/\/cerrajeriaosfran.com\/index.php\/politica-de-privacidad\/#breadcrumb"},"inLanguage":"es","potentialAction":[{"@type":"ReadAction","target":["https:\/\/cerrajeriaosfran.com\/index.php\/politica-de-privacidad\/"]}]},{"@type":"BreadcrumbList","@id":"https:\/\/cerrajeriaosfran.com\/index.php\/politica-de-privacidad\/#breadcrumb","itemListElement":[{"@type":"ListItem","position":1,"name":"Portada","item":"https:\/\/cerrajeriaosfran.com\/"},{"@type":"ListItem","position":2,"name":"Pol\u00edtica de privacidad"}]},{"@type":"WebSite","@id":"https:\/\/cerrajeriaosfran.com\/#website","url":"https:\/\/cerrajeriaosfran.com\/","name":"Cerrajeria Osfran","description":"","publisher":{"@id":"https:\/\/cerrajeriaosfran.com\/#organization"},"potentialAction":[{"@type":"SearchAction","target":{"@type":"EntryPoint","urlTemplate":"https:\/\/cerrajeriaosfran.com\/?s={search_term_string}"},"query-input":{"@type":"PropertyValueSpecification","valueRequired":true,"valueName":"search_term_string"}}],"inLanguage":"es"},{"@type":"Organization","@id":"https:\/\/cerrajeriaosfran.com\/#organization","name":"Cerrajeria Osfran","url":"https:\/\/cerrajeriaosfran.com\/","logo":{"@type":"ImageObject","inLanguage":"es","@id":"https:\/\/cerrajeriaosfran.com\/#\/schema\/logo\/image\/","url":"https:\/\/cerrajeriaosfran.com\/wp-content\/uploads\/2025\/12\/Diseno-sin-titulo-5.png","contentUrl":"https:\/\/cerrajeriaosfran.com\/wp-content\/uploads\/2025\/12\/Diseno-sin-titulo-5.png","width":400,"height":150,"caption":"Cerrajeria Osfran"},"image":{"@id":"https:\/\/cerrajeriaosfran.com\/#\/schema\/logo\/image\/"},"sameAs":["https:\/\/www.facebook.com\/cerrajeriaosfran.osfran","https:\/\/www.instagram.com\/osfrancerrajeria\/"]}]}},"_links":{"self":[{"href":"https:\/\/cerrajeriaosfran.com\/index.php\/wp-json\/wp\/v2\/pages\/3","targetHints":{"allow":["GET"]}}],"collection":[{"href":"https:\/\/cerrajeriaosfran.com\/index.php\/wp-json\/wp\/v2\/pages"}],"about":[{"href":"https:\/\/cerrajeriaosfran.com\/index.php\/wp-json\/wp\/v2\/types\/page"}],"author":[{"embeddable":true,"href":"https:\/\/cerrajeriaosfran.com\/index.php\/wp-json\/wp\/v2\/users\/1"}],"replies":[{"embeddable":true,"href":"https:\/\/cerrajeriaosfran.com\/index.php\/wp-json\/wp\/v2\/comments?post=3"}],"version-history":[{"count":5,"href":"https:\/\/cerrajeriaosfran.com\/index.php\/wp-json\/wp\/v2\/pages\/3\/revisions"}],"predecessor-version":[{"id":517,"href":"https:\/\/cerrajeriaosfran.com\/index.php\/wp-json\/wp\/v2\/pages\/3\/revisions\/517"}],"wp:attachment":[{"href":"https:\/\/cerrajeriaosfran.com\/index.php\/wp-json\/wp\/v2\/media?parent=3"}],"curies":[{"name":"wp","href":"https:\/\/api.w.org\/{rel}","templated":true}]}}