{"id":476,"date":"2025-12-02T09:51:32","date_gmt":"2025-12-02T09:51:32","guid":{"rendered":"https:\/\/cerrajeriaosfran.com\/?page_id=476"},"modified":"2025-12-02T11:53:33","modified_gmt":"2025-12-02T11:53:33","slug":"sobre-nosotros","status":"publish","type":"page","link":"https:\/\/cerrajeriaosfran.com\/index.php\/sobre-nosotros\/","title":{"rendered":"Sobre nosotros"},"content":{"rendered":"\t\t<div data-elementor-type=\"wp-page\" data-elementor-id=\"476\" class=\"elementor elementor-476\">\n\t\t\t\t<div class=\"elementor-element elementor-element-e1d5281 e-flex e-con-boxed e-con e-parent\" data-id=\"e1d5281\" data-element_type=\"container\">\n\t\t\t\t\t<div class=\"e-con-inner\">\n\t\t\t\t<div class=\"elementor-element elementor-element-0d85be0 elementor-widget elementor-widget-heading\" data-id=\"0d85be0\" data-element_type=\"widget\" data-widget_type=\"heading.default\">\n\t\t\t\t\t<h1 class=\"elementor-heading-title elementor-size-default\">SOBRE NOSOTROS<\/h1>\t\t\t\t<\/div>\n\t\t\t\t\t<\/div>\n\t\t\t\t<\/div>\n\t\t<div class=\"elementor-element elementor-element-173b307 e-flex e-con-boxed e-con e-parent\" data-id=\"173b307\" data-element_type=\"container\">\n\t\t\t\t\t<div class=\"e-con-inner\">\n\t\t<div class=\"elementor-element elementor-element-5fa234e e-con-full e-flex e-con e-child\" data-id=\"5fa234e\" data-element_type=\"container\">\n\t\t\t\t<div class=\"elementor-element elementor-element-a58345d elementor-widget elementor-widget-heading\" data-id=\"a58345d\" data-element_type=\"widget\" data-widget_type=\"heading.default\">\n\t\t\t\t\t<h2 class=\"elementor-heading-title elementor-size-default\">CERRAJER\u00cdA OSFRAN<\/h2>\t\t\t\t<\/div>\n\t\t\t\t<div class=\"elementor-element elementor-element-d4cb745 elementor-widget elementor-widget-heading\" data-id=\"d4cb745\" data-element_type=\"widget\" data-widget_type=\"heading.default\">\n\t\t\t\t\t<h3 class=\"elementor-heading-title elementor-size-default\">CERRAJER\u00cdA Y FORJA EN SORIA<\/h3>\t\t\t\t<\/div>\n\t\t\t\t<div class=\"elementor-element elementor-element-c3fbbf6 elementor-widget elementor-widget-text-editor\" data-id=\"c3fbbf6\" data-element_type=\"widget\" data-widget_type=\"text-editor.default\">\n\t\t\t\t\t\t\t\t\t<p data-start=\"65\" data-end=\"313\">Somos una empresa de cerrajer\u00eda y forja en Covaleda (Soria), con <strong>m\u00e1s de treinta a\u00f1os de experiencia<\/strong>. Trabajamos por encargo, creando piezas a medida que combinan la tradici\u00f3n de la forja con ideas actuales, siempre adaptadas a cada cliente.<\/p><p data-start=\"315\" data-end=\"525\">Contamos con un espacio de exposici\u00f3n y venta al p\u00fablico donde podr\u00e1s ver parte de nuestros trabajos en hierro forjado y cerrajer\u00eda. Si buscas calidad, detalle y un acabado artesano, estamos aqu\u00ed para ayudarte.<\/p>\t\t\t\t\t\t\t\t<\/div>\n\t\t\t\t<\/div>\n\t\t<div class=\"elementor-element elementor-element-bbf01d5 e-con-full e-flex e-con e-child\" data-id=\"bbf01d5\" data-element_type=\"container\">\n\t\t\t\t<div class=\"elementor-element elementor-element-81ccf3f elementor-widget elementor-widget-image\" data-id=\"81ccf3f\" data-element_type=\"widget\" data-widget_type=\"image.default\">\n\t\t\t\t\t\t\t\t\t\t\t\t\t\t\t<img fetchpriority=\"high\" decoding=\"async\" width=\"800\" height=\"532\" src=\"https:\/\/cerrajeriaosfran.com\/wp-content\/uploads\/2025\/12\/inicio.jpg\" class=\"attachment-large size-large wp-image-57\" alt=\"1. Cerrajer\u00eda Osfran reparaci\u00f3n de cerraduras y apertura de puertas en [localidad].\" srcset=\"https:\/\/cerrajeriaosfran.com\/wp-content\/uploads\/2025\/12\/inicio.jpg 800w, https:\/\/cerrajeriaosfran.com\/wp-content\/uploads\/2025\/12\/inicio-300x200.jpg 300w, https:\/\/cerrajeriaosfran.com\/wp-content\/uploads\/2025\/12\/inicio-768x511.jpg 768w\" sizes=\"(max-width: 800px) 100vw, 800px\" \/>\t\t\t\t\t\t\t\t\t\t\t\t\t\t\t<\/div>\n\t\t\t\t<\/div>\n\t\t\t\t\t<\/div>\n\t\t\t\t<\/div>\n\t\t<div class=\"elementor-element elementor-element-171fe70 e-flex e-con-boxed e-con e-parent\" data-id=\"171fe70\" data-element_type=\"container\">\n\t\t\t\t\t<div class=\"e-con-inner\">\n\t\t<div class=\"elementor-element elementor-element-7d98500 e-con-full e-flex e-con e-child\" data-id=\"7d98500\" data-element_type=\"container\">\n\t\t\t\t<div class=\"elementor-element elementor-element-433f2c2 elementor-widget elementor-widget-image\" data-id=\"433f2c2\" data-element_type=\"widget\" data-widget_type=\"image.default\">\n\t\t\t\t\t\t\t\t\t\t\t\t\t\t\t<img decoding=\"async\" width=\"768\" height=\"1024\" src=\"https:\/\/cerrajeriaosfran.com\/wp-content\/uploads\/2025\/12\/PHOTO-2025-01-27-09-48-45-1-768x1024.jpg\" class=\"attachment-large size-large wp-image-407\" alt=\"Escultura de \u00e1guila en hierro en paisaje natural al atardecer.\" srcset=\"https:\/\/cerrajeriaosfran.com\/wp-content\/uploads\/2025\/12\/PHOTO-2025-01-27-09-48-45-1-768x1024.jpg 768w, https:\/\/cerrajeriaosfran.com\/wp-content\/uploads\/2025\/12\/PHOTO-2025-01-27-09-48-45-1-225x300.jpg 225w, https:\/\/cerrajeriaosfran.com\/wp-content\/uploads\/2025\/12\/PHOTO-2025-01-27-09-48-45-1-1152x1536.jpg 1152w, https:\/\/cerrajeriaosfran.com\/wp-content\/uploads\/2025\/12\/PHOTO-2025-01-27-09-48-45-1.jpg 1200w\" sizes=\"(max-width: 768px) 100vw, 768px\" \/>\t\t\t\t\t\t\t\t\t\t\t\t\t\t\t<\/div>\n\t\t\t\t<\/div>\n\t\t<div class=\"elementor-element elementor-element-0b78d93 e-con-full e-flex e-con e-child\" data-id=\"0b78d93\" data-element_type=\"container\">\n\t\t\t\t<div class=\"elementor-element elementor-element-cc6e3ec elementor-widget elementor-widget-heading\" data-id=\"cc6e3ec\" data-element_type=\"widget\" data-widget_type=\"heading.default\">\n\t\t\t\t\t<h3 class=\"elementor-heading-title elementor-size-default\">TRADICI\u00d3N Y EXPERIENCIA<\/h3>\t\t\t\t<\/div>\n\t\t\t\t<div class=\"elementor-element elementor-element-5c5ba48 elementor-widget elementor-widget-text-editor\" data-id=\"5c5ba48\" data-element_type=\"widget\" data-widget_type=\"text-editor.default\">\n\t\t\t\t\t\t\t\t\t<p data-start=\"65\" data-end=\"313\">A lo largo de estas d\u00e9cadas hemos realizado todo tipo de proyectos de cerrajer\u00eda y forja en Covaleda (Soria), desde balcones y barandillas hasta puertas, rejas, estructuras met\u00e1licas y elementos decorativos. Cada pieza se elabora de forma personalizada, atendiendo a las necesidades del cliente y manteniendo el equilibrio entre solidez, est\u00e9tica y funcionalidad.<\/p>\t\t\t\t\t\t\t\t<\/div>\n\t\t\t\t<div class=\"elementor-element elementor-element-a74b41a elementor-widget elementor-widget-heading\" data-id=\"a74b41a\" data-element_type=\"widget\" data-widget_type=\"heading.default\">\n\t\t\t\t\t<h3 class=\"elementor-heading-title elementor-size-default\">FORJA ARTESANAL<\/h3>\t\t\t\t<\/div>\n\t\t\t\t<div class=\"elementor-element elementor-element-13dca7c elementor-widget elementor-widget-text-editor\" data-id=\"13dca7c\" data-element_type=\"widget\" data-widget_type=\"text-editor.default\">\n\t\t\t\t\t\t\t\t\t<p data-start=\"65\" data-end=\"313\">Todos nuestros proyectos se realizan por encargo. Escuchamos las ideas del cliente, asesoramos seg\u00fan la experiencia y desarrollamos dise\u00f1os completamente personalizados. Nuestro objetivo es ofrecer soluciones que encajen tanto en viviendas particulares como en negocios, zonas rurales y entornos arquitect\u00f3nicos donde el hierro juega un papel esencial.<\/p>\t\t\t\t\t\t\t\t<\/div>\n\t\t\t\t<div class=\"elementor-element elementor-element-1ebce15 elementor-widget elementor-widget-heading\" data-id=\"1ebce15\" data-element_type=\"widget\" data-widget_type=\"heading.default\">\n\t\t\t\t\t<h3 class=\"elementor-heading-title elementor-size-default\">COMPROMISO CON LA CALIDAD<\/h3>\t\t\t\t<\/div>\n\t\t\t\t<div class=\"elementor-element elementor-element-4a45eb0 elementor-widget elementor-widget-text-editor\" data-id=\"4a45eb0\" data-element_type=\"widget\" data-widget_type=\"text-editor.default\">\n\t\t\t\t\t\t\t\t\t<p>La calidad en los materiales, la precisi\u00f3n en las soldaduras, los acabados y la durabilidad son nuestras prioridades. Cada pieza se fabrica con cuidado y dedicaci\u00f3n, garantizando que el resultado sea resistente, funcional y est\u00e9ticamente coherente con su entorno.<\/p>\t\t\t\t\t\t\t\t<\/div>\n\t\t\t\t<div class=\"elementor-element elementor-element-76a551f elementor-widget elementor-widget-heading\" data-id=\"76a551f\" data-element_type=\"widget\" data-widget_type=\"heading.default\">\n\t\t\t\t\t<h3 class=\"elementor-heading-title elementor-size-default\">ATENCI\u00d3N PERSONALIZADA<\/h3>\t\t\t\t<\/div>\n\t\t\t\t<div class=\"elementor-element elementor-element-11c2f57 elementor-widget elementor-widget-text-editor\" data-id=\"11c2f57\" data-element_type=\"widget\" data-widget_type=\"text-editor.default\">\n\t\t\t\t\t\t\t\t\t<p>Nos gusta trabajar de manera cercana, resolviendo dudas y guiando al cliente durante todo el proceso.<\/p>\t\t\t\t\t\t\t\t<\/div>\n\t\t\t\t<\/div>\n\t\t\t\t\t<\/div>\n\t\t\t\t<\/div>\n\t\t\t\t<\/div>\n\t\t","protected":false},"excerpt":{"rendered":"<p>SOBRE NOSOTROS CERRAJER\u00cdA OSFRAN CERRAJER\u00cdA Y FORJA EN SORIA Somos una empresa de cerrajer\u00eda y forja en Covaleda (Soria), con m\u00e1s de treinta a\u00f1os de&hellip;<\/p>\n","protected":false},"author":1,"featured_media":0,"parent":0,"menu_order":0,"comment_status":"closed","ping_status":"closed","template":"elementor_header_footer","meta":{"footnotes":""},"class_list":["post-476","page","type-page","status-publish","hentry"],"yoast_head":"<!-- This site is optimized with the Yoast SEO plugin v26.5 - https:\/\/yoast.com\/wordpress\/plugins\/seo\/ -->\n<title>Sobre nosotros | Cerrajer\u00eda y forja en Covaleda (Soria)<\/title>\n<meta name=\"description\" content=\"Conoce la historia de Cerrajer\u00eda Osfran, especialistas en cerrajer\u00eda y forja en Covaleda y la comarca de Pinares en Soria. Calidad\" \/>\n<meta name=\"robots\" content=\"index, follow, max-snippet:-1, max-image-preview:large, max-video-preview:-1\" \/>\n<link rel=\"canonical\" href=\"https:\/\/cerrajeriaosfran.com\/index.php\/sobre-nosotros\/\" \/>\n<meta property=\"og:locale\" content=\"es_ES\" \/>\n<meta property=\"og:type\" content=\"article\" \/>\n<meta property=\"og:title\" content=\"Sobre nosotros | Cerrajer\u00eda y forja en Covaleda (Soria)\" \/>\n<meta property=\"og:description\" content=\"Conoce la historia de Cerrajer\u00eda Osfran, especialistas en cerrajer\u00eda y forja en Covaleda y la comarca de Pinares en Soria. Calidad\" \/>\n<meta property=\"og:url\" content=\"https:\/\/cerrajeriaosfran.com\/index.php\/sobre-nosotros\/\" \/>\n<meta property=\"og:site_name\" content=\"Cerrajeria Osfran\" \/>\n<meta property=\"article:publisher\" content=\"https:\/\/www.facebook.com\/cerrajeriaosfran.osfran\" \/>\n<meta property=\"article:modified_time\" content=\"2025-12-02T11:53:33+00:00\" \/>\n<meta property=\"og:image\" content=\"https:\/\/cerrajeriaosfran.com\/wp-content\/uploads\/2025\/12\/inicio.jpg\" \/>\n\t<meta property=\"og:image:width\" content=\"800\" \/>\n\t<meta property=\"og:image:height\" content=\"532\" \/>\n\t<meta property=\"og:image:type\" content=\"image\/jpeg\" \/>\n<meta name=\"twitter:card\" content=\"summary_large_image\" \/>\n<meta name=\"twitter:label1\" content=\"Tiempo de lectura\" \/>\n\t<meta name=\"twitter:data1\" content=\"2 minutos\" \/>\n<script type=\"application\/ld+json\" class=\"yoast-schema-graph\">{\"@context\":\"https:\/\/schema.org\",\"@graph\":[{\"@type\":\"WebPage\",\"@id\":\"https:\/\/cerrajeriaosfran.com\/index.php\/sobre-nosotros\/\",\"url\":\"https:\/\/cerrajeriaosfran.com\/index.php\/sobre-nosotros\/\",\"name\":\"Sobre nosotros | Cerrajer\u00eda y forja en Covaleda (Soria)\",\"isPartOf\":{\"@id\":\"https:\/\/cerrajeriaosfran.com\/#website\"},\"primaryImageOfPage\":{\"@id\":\"https:\/\/cerrajeriaosfran.com\/index.php\/sobre-nosotros\/#primaryimage\"},\"image\":{\"@id\":\"https:\/\/cerrajeriaosfran.com\/index.php\/sobre-nosotros\/#primaryimage\"},\"thumbnailUrl\":\"https:\/\/cerrajeriaosfran.com\/wp-content\/uploads\/2025\/12\/inicio.jpg\",\"datePublished\":\"2025-12-02T09:51:32+00:00\",\"dateModified\":\"2025-12-02T11:53:33+00:00\",\"description\":\"Conoce la historia de Cerrajer\u00eda Osfran, especialistas en cerrajer\u00eda y forja en Covaleda y la comarca de Pinares en Soria. Calidad\",\"breadcrumb\":{\"@id\":\"https:\/\/cerrajeriaosfran.com\/index.php\/sobre-nosotros\/#breadcrumb\"},\"inLanguage\":\"es\",\"potentialAction\":[{\"@type\":\"ReadAction\",\"target\":[\"https:\/\/cerrajeriaosfran.com\/index.php\/sobre-nosotros\/\"]}]},{\"@type\":\"ImageObject\",\"inLanguage\":\"es\",\"@id\":\"https:\/\/cerrajeriaosfran.com\/index.php\/sobre-nosotros\/#primaryimage\",\"url\":\"https:\/\/cerrajeriaosfran.com\/wp-content\/uploads\/2025\/12\/inicio.jpg\",\"contentUrl\":\"https:\/\/cerrajeriaosfran.com\/wp-content\/uploads\/2025\/12\/inicio.jpg\",\"width\":800,\"height\":532,\"caption\":\"2. Cerrajer\u00eda Osfran ofrece servicios de cerrajer\u00eda, reparaci\u00f3n de cerraduras y apertura de puertas en la zona.\"},{\"@type\":\"BreadcrumbList\",\"@id\":\"https:\/\/cerrajeriaosfran.com\/index.php\/sobre-nosotros\/#breadcrumb\",\"itemListElement\":[{\"@type\":\"ListItem\",\"position\":1,\"name\":\"Portada\",\"item\":\"https:\/\/cerrajeriaosfran.com\/\"},{\"@type\":\"ListItem\",\"position\":2,\"name\":\"Sobre nosotros\"}]},{\"@type\":\"WebSite\",\"@id\":\"https:\/\/cerrajeriaosfran.com\/#website\",\"url\":\"https:\/\/cerrajeriaosfran.com\/\",\"name\":\"Cerrajeria Osfran\",\"description\":\"\",\"publisher\":{\"@id\":\"https:\/\/cerrajeriaosfran.com\/#organization\"},\"potentialAction\":[{\"@type\":\"SearchAction\",\"target\":{\"@type\":\"EntryPoint\",\"urlTemplate\":\"https:\/\/cerrajeriaosfran.com\/?s={search_term_string}\"},\"query-input\":{\"@type\":\"PropertyValueSpecification\",\"valueRequired\":true,\"valueName\":\"search_term_string\"}}],\"inLanguage\":\"es\"},{\"@type\":\"Organization\",\"@id\":\"https:\/\/cerrajeriaosfran.com\/#organization\",\"name\":\"Cerrajeria Osfran\",\"url\":\"https:\/\/cerrajeriaosfran.com\/\",\"logo\":{\"@type\":\"ImageObject\",\"inLanguage\":\"es\",\"@id\":\"https:\/\/cerrajeriaosfran.com\/#\/schema\/logo\/image\/\",\"url\":\"https:\/\/cerrajeriaosfran.com\/wp-content\/uploads\/2025\/12\/Diseno-sin-titulo-5.png\",\"contentUrl\":\"https:\/\/cerrajeriaosfran.com\/wp-content\/uploads\/2025\/12\/Diseno-sin-titulo-5.png\",\"width\":400,\"height\":150,\"caption\":\"Cerrajeria Osfran\"},\"image\":{\"@id\":\"https:\/\/cerrajeriaosfran.com\/#\/schema\/logo\/image\/\"},\"sameAs\":[\"https:\/\/www.facebook.com\/cerrajeriaosfran.osfran\",\"https:\/\/www.instagram.com\/osfrancerrajeria\/\"]}]}<\/script>\n<!-- \/ Yoast SEO plugin. -->","yoast_head_json":{"title":"Sobre nosotros | Cerrajer\u00eda y forja en Covaleda (Soria)","description":"Conoce la historia de Cerrajer\u00eda Osfran, especialistas en cerrajer\u00eda y forja en Covaleda y la comarca de Pinares en Soria. Calidad","robots":{"index":"index","follow":"follow","max-snippet":"max-snippet:-1","max-image-preview":"max-image-preview:large","max-video-preview":"max-video-preview:-1"},"canonical":"https:\/\/cerrajeriaosfran.com\/index.php\/sobre-nosotros\/","og_locale":"es_ES","og_type":"article","og_title":"Sobre nosotros | Cerrajer\u00eda y forja en Covaleda (Soria)","og_description":"Conoce la historia de Cerrajer\u00eda Osfran, especialistas en cerrajer\u00eda y forja en Covaleda y la comarca de Pinares en Soria. Calidad","og_url":"https:\/\/cerrajeriaosfran.com\/index.php\/sobre-nosotros\/","og_site_name":"Cerrajeria Osfran","article_publisher":"https:\/\/www.facebook.com\/cerrajeriaosfran.osfran","article_modified_time":"2025-12-02T11:53:33+00:00","og_image":[{"width":800,"height":532,"url":"https:\/\/cerrajeriaosfran.com\/wp-content\/uploads\/2025\/12\/inicio.jpg","type":"image\/jpeg"}],"twitter_card":"summary_large_image","twitter_misc":{"Tiempo de lectura":"2 minutos"},"schema":{"@context":"https:\/\/schema.org","@graph":[{"@type":"WebPage","@id":"https:\/\/cerrajeriaosfran.com\/index.php\/sobre-nosotros\/","url":"https:\/\/cerrajeriaosfran.com\/index.php\/sobre-nosotros\/","name":"Sobre nosotros | Cerrajer\u00eda y forja en Covaleda (Soria)","isPartOf":{"@id":"https:\/\/cerrajeriaosfran.com\/#website"},"primaryImageOfPage":{"@id":"https:\/\/cerrajeriaosfran.com\/index.php\/sobre-nosotros\/#primaryimage"},"image":{"@id":"https:\/\/cerrajeriaosfran.com\/index.php\/sobre-nosotros\/#primaryimage"},"thumbnailUrl":"https:\/\/cerrajeriaosfran.com\/wp-content\/uploads\/2025\/12\/inicio.jpg","datePublished":"2025-12-02T09:51:32+00:00","dateModified":"2025-12-02T11:53:33+00:00","description":"Conoce la historia de Cerrajer\u00eda Osfran, especialistas en cerrajer\u00eda y forja en Covaleda y la comarca de Pinares en Soria. Calidad","breadcrumb":{"@id":"https:\/\/cerrajeriaosfran.com\/index.php\/sobre-nosotros\/#breadcrumb"},"inLanguage":"es","potentialAction":[{"@type":"ReadAction","target":["https:\/\/cerrajeriaosfran.com\/index.php\/sobre-nosotros\/"]}]},{"@type":"ImageObject","inLanguage":"es","@id":"https:\/\/cerrajeriaosfran.com\/index.php\/sobre-nosotros\/#primaryimage","url":"https:\/\/cerrajeriaosfran.com\/wp-content\/uploads\/2025\/12\/inicio.jpg","contentUrl":"https:\/\/cerrajeriaosfran.com\/wp-content\/uploads\/2025\/12\/inicio.jpg","width":800,"height":532,"caption":"2. Cerrajer\u00eda Osfran ofrece servicios de cerrajer\u00eda, reparaci\u00f3n de cerraduras y apertura de puertas en la zona."},{"@type":"BreadcrumbList","@id":"https:\/\/cerrajeriaosfran.com\/index.php\/sobre-nosotros\/#breadcrumb","itemListElement":[{"@type":"ListItem","position":1,"name":"Portada","item":"https:\/\/cerrajeriaosfran.com\/"},{"@type":"ListItem","position":2,"name":"Sobre nosotros"}]},{"@type":"WebSite","@id":"https:\/\/cerrajeriaosfran.com\/#website","url":"https:\/\/cerrajeriaosfran.com\/","name":"Cerrajeria Osfran","description":"","publisher":{"@id":"https:\/\/cerrajeriaosfran.com\/#organization"},"potentialAction":[{"@type":"SearchAction","target":{"@type":"EntryPoint","urlTemplate":"https:\/\/cerrajeriaosfran.com\/?s={search_term_string}"},"query-input":{"@type":"PropertyValueSpecification","valueRequired":true,"valueName":"search_term_string"}}],"inLanguage":"es"},{"@type":"Organization","@id":"https:\/\/cerrajeriaosfran.com\/#organization","name":"Cerrajeria Osfran","url":"https:\/\/cerrajeriaosfran.com\/","logo":{"@type":"ImageObject","inLanguage":"es","@id":"https:\/\/cerrajeriaosfran.com\/#\/schema\/logo\/image\/","url":"https:\/\/cerrajeriaosfran.com\/wp-content\/uploads\/2025\/12\/Diseno-sin-titulo-5.png","contentUrl":"https:\/\/cerrajeriaosfran.com\/wp-content\/uploads\/2025\/12\/Diseno-sin-titulo-5.png","width":400,"height":150,"caption":"Cerrajeria Osfran"},"image":{"@id":"https:\/\/cerrajeriaosfran.com\/#\/schema\/logo\/image\/"},"sameAs":["https:\/\/www.facebook.com\/cerrajeriaosfran.osfran","https:\/\/www.instagram.com\/osfrancerrajeria\/"]}]}},"_links":{"self":[{"href":"https:\/\/cerrajeriaosfran.com\/index.php\/wp-json\/wp\/v2\/pages\/476","targetHints":{"allow":["GET"]}}],"collection":[{"href":"https:\/\/cerrajeriaosfran.com\/index.php\/wp-json\/wp\/v2\/pages"}],"about":[{"href":"https:\/\/cerrajeriaosfran.com\/index.php\/wp-json\/wp\/v2\/types\/page"}],"author":[{"embeddable":true,"href":"https:\/\/cerrajeriaosfran.com\/index.php\/wp-json\/wp\/v2\/users\/1"}],"replies":[{"embeddable":true,"href":"https:\/\/cerrajeriaosfran.com\/index.php\/wp-json\/wp\/v2\/comments?post=476"}],"version-history":[{"count":7,"href":"https:\/\/cerrajeriaosfran.com\/index.php\/wp-json\/wp\/v2\/pages\/476\/revisions"}],"predecessor-version":[{"id":537,"href":"https:\/\/cerrajeriaosfran.com\/index.php\/wp-json\/wp\/v2\/pages\/476\/revisions\/537"}],"wp:attachment":[{"href":"https:\/\/cerrajeriaosfran.com\/index.php\/wp-json\/wp\/v2\/media?parent=476"}],"curies":[{"name":"wp","href":"https:\/\/api.w.org\/{rel}","templated":true}]}}