{"id":481,"date":"2025-12-02T10:07:23","date_gmt":"2025-12-02T10:07:23","guid":{"rendered":"https:\/\/cerrajeriaosfran.com\/?page_id=481"},"modified":"2025-12-02T11:56:23","modified_gmt":"2025-12-02T11:56:23","slug":"contacto","status":"publish","type":"page","link":"https:\/\/cerrajeriaosfran.com\/index.php\/contacto\/","title":{"rendered":"Contacto"},"content":{"rendered":"\t\t<div data-elementor-type=\"wp-page\" data-elementor-id=\"481\" class=\"elementor elementor-481\">\n\t\t\t\t<div class=\"elementor-element elementor-element-e0c7ce0 e-flex e-con-boxed e-con e-parent\" data-id=\"e0c7ce0\" data-element_type=\"container\">\n\t\t\t\t\t<div class=\"e-con-inner\">\n\t\t\t\t<div class=\"elementor-element elementor-element-3293d6e elementor-widget elementor-widget-heading\" data-id=\"3293d6e\" data-element_type=\"widget\" data-widget_type=\"heading.default\">\n\t\t\t\t\t<h1 class=\"elementor-heading-title elementor-size-default\">CONTACTO<\/h1>\t\t\t\t<\/div>\n\t\t\t\t\t<\/div>\n\t\t\t\t<\/div>\n\t\t<div class=\"elementor-element elementor-element-2a80574 e-flex e-con-boxed e-con e-parent\" data-id=\"2a80574\" data-element_type=\"container\">\n\t\t\t\t\t<div class=\"e-con-inner\">\n\t\t<div class=\"elementor-element elementor-element-846d9c0 e-con-full e-flex e-con e-child\" data-id=\"846d9c0\" data-element_type=\"container\">\n\t\t\t\t<div class=\"elementor-element elementor-element-3133133 elementor-widget elementor-widget-text-editor\" data-id=\"3133133\" data-element_type=\"widget\" data-widget_type=\"text-editor.default\">\n\t\t\t\t\t\t\t\t\t<p>Estamos a tu disposici\u00f3n para resolver dudas, asesorarte o preparar un presupuesto a medida. Puedes ponerte en contacto con nosotros a trav\u00e9s de cualquiera de los siguientes medios:<\/p>\t\t\t\t\t\t\t\t<\/div>\n\t\t\t\t<div class=\"elementor-element elementor-element-69a02db elementor-icon-list--layout-traditional elementor-list-item-link-full_width elementor-widget elementor-widget-icon-list\" data-id=\"69a02db\" data-element_type=\"widget\" data-widget_type=\"icon-list.default\">\n\t\t\t\t\t\t\t<ul class=\"elementor-icon-list-items\">\n\t\t\t\t\t\t\t<li class=\"elementor-icon-list-item\">\n\t\t\t\t\t\t\t\t\t\t\t<span class=\"elementor-icon-list-icon\">\n\t\t\t\t\t\t\t<svg aria-hidden=\"true\" class=\"e-font-icon-svg e-fas-phone-alt\" viewBox=\"0 0 512 512\" xmlns=\"http:\/\/www.w3.org\/2000\/svg\"><path d=\"M497.39 361.8l-112-48a24 24 0 0 0-28 6.9l-49.6 60.6A370.66 370.66 0 0 1 130.6 204.11l60.6-49.6a23.94 23.94 0 0 0 6.9-28l-48-112A24.16 24.16 0 0 0 122.6.61l-104 24A24 24 0 0 0 0 48c0 256.5 207.9 464 464 464a24 24 0 0 0 23.4-18.6l24-104a24.29 24.29 0 0 0-14.01-27.6z\"><\/path><\/svg>\t\t\t\t\t\t<\/span>\n\t\t\t\t\t\t\t\t\t\t<span class=\"elementor-icon-list-text\">639 089 406<\/span>\n\t\t\t\t\t\t\t\t\t<\/li>\n\t\t\t\t\t\t\t\t<li class=\"elementor-icon-list-item\">\n\t\t\t\t\t\t\t\t\t\t\t<span class=\"elementor-icon-list-icon\">\n\t\t\t\t\t\t\t<svg aria-hidden=\"true\" class=\"e-font-icon-svg e-fas-envelope\" viewBox=\"0 0 512 512\" xmlns=\"http:\/\/www.w3.org\/2000\/svg\"><path d=\"M502.3 190.8c3.9-3.1 9.7-.2 9.7 4.7V400c0 26.5-21.5 48-48 48H48c-26.5 0-48-21.5-48-48V195.6c0-5 5.7-7.8 9.7-4.7 22.4 17.4 52.1 39.5 154.1 113.6 21.1 15.4 56.7 47.8 92.2 47.6 35.7.3 72-32.8 92.3-47.6 102-74.1 131.6-96.3 154-113.7zM256 320c23.2.4 56.6-29.2 73.4-41.4 132.7-96.3 142.8-104.7 173.4-128.7 5.8-4.5 9.2-11.5 9.2-18.9v-19c0-26.5-21.5-48-48-48H48C21.5 64 0 85.5 0 112v19c0 7.4 3.4 14.3 9.2 18.9 30.6 23.9 40.7 32.4 173.4 128.7 16.8 12.2 50.2 41.8 73.4 41.4z\"><\/path><\/svg>\t\t\t\t\t\t<\/span>\n\t\t\t\t\t\t\t\t\t\t<span class=\"elementor-icon-list-text\">forjaosfran@hotmail.com<\/span>\n\t\t\t\t\t\t\t\t\t<\/li>\n\t\t\t\t\t\t\t\t<li class=\"elementor-icon-list-item\">\n\t\t\t\t\t\t\t\t\t\t\t<span class=\"elementor-icon-list-icon\">\n\t\t\t\t\t\t\t<svg aria-hidden=\"true\" class=\"e-font-icon-svg e-fas-location-arrow\" viewBox=\"0 0 512 512\" xmlns=\"http:\/\/www.w3.org\/2000\/svg\"><path d=\"M444.52 3.52L28.74 195.42c-47.97 22.39-31.98 92.75 19.19 92.75h175.91v175.91c0 51.17 70.36 67.17 92.75 19.19l191.9-415.78c15.99-38.39-25.59-79.97-63.97-63.97z\"><\/path><\/svg>\t\t\t\t\t\t<\/span>\n\t\t\t\t\t\t\t\t\t\t<span class=\"elementor-icon-list-text\">Paraje Caba\u00f1ares, 42157 Covaleda, Soria<\/span>\n\t\t\t\t\t\t\t\t\t<\/li>\n\t\t\t\t\t\t<\/ul>\n\t\t\t\t\t\t<\/div>\n\t\t\t\t<div class=\"elementor-element elementor-element-22cad78 elementor-widget elementor-widget-text-editor\" data-id=\"22cad78\" data-element_type=\"widget\" data-widget_type=\"text-editor.default\">\n\t\t\t\t\t\t\t\t\t<p>S\u00edguenos en nuestras redes sociales:<\/p>\t\t\t\t\t\t\t\t<\/div>\n\t\t\t\t<div class=\"elementor-element elementor-element-f5c1c31 e-grid-align-left elementor-shape-rounded elementor-grid-0 elementor-widget elementor-widget-social-icons\" data-id=\"f5c1c31\" data-element_type=\"widget\" data-widget_type=\"social-icons.default\">\n\t\t\t\t\t\t\t<div class=\"elementor-social-icons-wrapper elementor-grid\" role=\"list\">\n\t\t\t\t\t\t\t<span class=\"elementor-grid-item\" role=\"listitem\">\n\t\t\t\t\t<a class=\"elementor-icon elementor-social-icon elementor-social-icon-facebook elementor-repeater-item-b2545e9\" href=\"https:\/\/www.facebook.com\/cerrajeriaosfran.osfran\" target=\"_blank\">\n\t\t\t\t\t\t<span class=\"elementor-screen-only\">Facebook<\/span>\n\t\t\t\t\t\t<svg aria-hidden=\"true\" class=\"e-font-icon-svg e-fab-facebook\" viewBox=\"0 0 512 512\" xmlns=\"http:\/\/www.w3.org\/2000\/svg\"><path d=\"M504 256C504 119 393 8 256 8S8 119 8 256c0 123.78 90.69 226.38 209.25 245V327.69h-63V256h63v-54.64c0-62.15 37-96.48 93.67-96.48 27.14 0 55.52 4.84 55.52 4.84v61h-31.28c-30.8 0-40.41 19.12-40.41 38.73V256h68.78l-11 71.69h-57.78V501C413.31 482.38 504 379.78 504 256z\"><\/path><\/svg>\t\t\t\t\t<\/a>\n\t\t\t\t<\/span>\n\t\t\t\t\t\t\t<span class=\"elementor-grid-item\" role=\"listitem\">\n\t\t\t\t\t<a class=\"elementor-icon elementor-social-icon elementor-social-icon-instagram elementor-repeater-item-7f875e2\" href=\"https:\/\/www.instagram.com\/osfrancerrajeria\/\" target=\"_blank\">\n\t\t\t\t\t\t<span class=\"elementor-screen-only\">Instagram<\/span>\n\t\t\t\t\t\t<svg aria-hidden=\"true\" class=\"e-font-icon-svg e-fab-instagram\" viewBox=\"0 0 448 512\" xmlns=\"http:\/\/www.w3.org\/2000\/svg\"><path d=\"M224.1 141c-63.6 0-114.9 51.3-114.9 114.9s51.3 114.9 114.9 114.9S339 319.5 339 255.9 287.7 141 224.1 141zm0 189.6c-41.1 0-74.7-33.5-74.7-74.7s33.5-74.7 74.7-74.7 74.7 33.5 74.7 74.7-33.6 74.7-74.7 74.7zm146.4-194.3c0 14.9-12 26.8-26.8 26.8-14.9 0-26.8-12-26.8-26.8s12-26.8 26.8-26.8 26.8 12 26.8 26.8zm76.1 27.2c-1.7-35.9-9.9-67.7-36.2-93.9-26.2-26.2-58-34.4-93.9-36.2-37-2.1-147.9-2.1-184.9 0-35.8 1.7-67.6 9.9-93.9 36.1s-34.4 58-36.2 93.9c-2.1 37-2.1 147.9 0 184.9 1.7 35.9 9.9 67.7 36.2 93.9s58 34.4 93.9 36.2c37 2.1 147.9 2.1 184.9 0 35.9-1.7 67.7-9.9 93.9-36.2 26.2-26.2 34.4-58 36.2-93.9 2.1-37 2.1-147.8 0-184.8zM398.8 388c-7.8 19.6-22.9 34.7-42.6 42.6-29.5 11.7-99.5 9-132.1 9s-102.7 2.6-132.1-9c-19.6-7.8-34.7-22.9-42.6-42.6-11.7-29.5-9-99.5-9-132.1s-2.6-102.7 9-132.1c7.8-19.6 22.9-34.7 42.6-42.6 29.5-11.7 99.5-9 132.1-9s102.7-2.6 132.1 9c19.6 7.8 34.7 22.9 42.6 42.6 11.7 29.5 9 99.5 9 132.1s2.7 102.7-9 132.1z\"><\/path><\/svg>\t\t\t\t\t<\/a>\n\t\t\t\t<\/span>\n\t\t\t\t\t<\/div>\n\t\t\t\t\t\t<\/div>\n\t\t\t\t<\/div>\n\t\t<div class=\"elementor-element elementor-element-da5b150 e-con-full e-flex e-con e-child\" data-id=\"da5b150\" data-element_type=\"container\">\n\t\t\t\t<div class=\"elementor-element elementor-element-48d761f elementor-widget elementor-widget-html\" data-id=\"48d761f\" data-element_type=\"widget\" data-widget_type=\"html.default\">\n\t\t\t\t\t<iframe src=\"https:\/\/www.google.com\/maps\/embed?pb=!1m18!1m12!1m3!1d2967.805122400658!2d-2.893716024436547!3d41.94003876153462!2m3!1f0!2f0!3f0!3m2!1i1024!2i768!4f13.1!3m3!1m2!1s0xd451c5c49430687%3A0xbbf2d0e4300184f5!2sCERRAJERIA%20OSFRAN!5e0!3m2!1ses!2ses!4v1764595207176!5m2!1ses!2ses\" width=\"600\" height=\"450\" style=\"border:0;\" allowfullscreen=\"\" loading=\"lazy\" referrerpolicy=\"no-referrer-when-downgrade\"><\/iframe>\t\t\t\t<\/div>\n\t\t\t\t<\/div>\n\t\t\t\t\t<\/div>\n\t\t\t\t<\/div>\n\t\t\t\t<\/div>\n\t\t","protected":false},"excerpt":{"rendered":"<p>CONTACTO Estamos a tu disposici\u00f3n para resolver dudas, asesorarte o preparar un presupuesto a medida. Puedes ponerte en contacto con nosotros a trav\u00e9s de cualquiera&hellip;<\/p>\n","protected":false},"author":1,"featured_media":0,"parent":0,"menu_order":0,"comment_status":"closed","ping_status":"closed","template":"elementor_header_footer","meta":{"footnotes":""},"class_list":["post-481","page","type-page","status-publish","hentry"],"yoast_head":"<!-- This site is optimized with the Yoast SEO plugin v26.5 - https:\/\/yoast.com\/wordpress\/plugins\/seo\/ -->\n<title>Contacto | Cerrajer\u00eda y forja en Covaleda (Soria)<\/title>\n<meta name=\"description\" content=\"Contacta con Cerrajer\u00eda Osfran. Cerrajer\u00eda y forja artesanal en Covaleda, Pinares y Soria. Solicita informaci\u00f3n o presupuesto sin compromiso.\" \/>\n<meta name=\"robots\" content=\"index, follow, max-snippet:-1, max-image-preview:large, max-video-preview:-1\" \/>\n<link rel=\"canonical\" href=\"https:\/\/cerrajeriaosfran.com\/index.php\/contacto\/\" \/>\n<meta property=\"og:locale\" content=\"es_ES\" \/>\n<meta property=\"og:type\" content=\"article\" \/>\n<meta property=\"og:title\" content=\"Contacto | Cerrajer\u00eda y forja en Covaleda (Soria)\" \/>\n<meta property=\"og:description\" content=\"Contacta con Cerrajer\u00eda Osfran. Cerrajer\u00eda y forja artesanal en Covaleda, Pinares y Soria. Solicita informaci\u00f3n o presupuesto sin compromiso.\" \/>\n<meta property=\"og:url\" content=\"https:\/\/cerrajeriaosfran.com\/index.php\/contacto\/\" \/>\n<meta property=\"og:site_name\" content=\"Cerrajeria Osfran\" \/>\n<meta property=\"article:publisher\" content=\"https:\/\/www.facebook.com\/cerrajeriaosfran.osfran\" \/>\n<meta property=\"article:modified_time\" content=\"2025-12-02T11:56:23+00:00\" \/>\n<meta name=\"twitter:card\" content=\"summary_large_image\" \/>\n<meta name=\"twitter:label1\" content=\"Tiempo de lectura\" \/>\n\t<meta name=\"twitter:data1\" content=\"1 minuto\" \/>\n<script type=\"application\/ld+json\" class=\"yoast-schema-graph\">{\"@context\":\"https:\/\/schema.org\",\"@graph\":[{\"@type\":\"WebPage\",\"@id\":\"https:\/\/cerrajeriaosfran.com\/index.php\/contacto\/\",\"url\":\"https:\/\/cerrajeriaosfran.com\/index.php\/contacto\/\",\"name\":\"Contacto | Cerrajer\u00eda y forja en Covaleda (Soria)\",\"isPartOf\":{\"@id\":\"https:\/\/cerrajeriaosfran.com\/#website\"},\"datePublished\":\"2025-12-02T10:07:23+00:00\",\"dateModified\":\"2025-12-02T11:56:23+00:00\",\"description\":\"Contacta con Cerrajer\u00eda Osfran. Cerrajer\u00eda y forja artesanal en Covaleda, Pinares y Soria. Solicita informaci\u00f3n o presupuesto sin compromiso.\",\"breadcrumb\":{\"@id\":\"https:\/\/cerrajeriaosfran.com\/index.php\/contacto\/#breadcrumb\"},\"inLanguage\":\"es\",\"potentialAction\":[{\"@type\":\"ReadAction\",\"target\":[\"https:\/\/cerrajeriaosfran.com\/index.php\/contacto\/\"]}]},{\"@type\":\"BreadcrumbList\",\"@id\":\"https:\/\/cerrajeriaosfran.com\/index.php\/contacto\/#breadcrumb\",\"itemListElement\":[{\"@type\":\"ListItem\",\"position\":1,\"name\":\"Portada\",\"item\":\"https:\/\/cerrajeriaosfran.com\/\"},{\"@type\":\"ListItem\",\"position\":2,\"name\":\"Contacto\"}]},{\"@type\":\"WebSite\",\"@id\":\"https:\/\/cerrajeriaosfran.com\/#website\",\"url\":\"https:\/\/cerrajeriaosfran.com\/\",\"name\":\"Cerrajeria Osfran\",\"description\":\"\",\"publisher\":{\"@id\":\"https:\/\/cerrajeriaosfran.com\/#organization\"},\"potentialAction\":[{\"@type\":\"SearchAction\",\"target\":{\"@type\":\"EntryPoint\",\"urlTemplate\":\"https:\/\/cerrajeriaosfran.com\/?s={search_term_string}\"},\"query-input\":{\"@type\":\"PropertyValueSpecification\",\"valueRequired\":true,\"valueName\":\"search_term_string\"}}],\"inLanguage\":\"es\"},{\"@type\":\"Organization\",\"@id\":\"https:\/\/cerrajeriaosfran.com\/#organization\",\"name\":\"Cerrajeria Osfran\",\"url\":\"https:\/\/cerrajeriaosfran.com\/\",\"logo\":{\"@type\":\"ImageObject\",\"inLanguage\":\"es\",\"@id\":\"https:\/\/cerrajeriaosfran.com\/#\/schema\/logo\/image\/\",\"url\":\"https:\/\/cerrajeriaosfran.com\/wp-content\/uploads\/2025\/12\/Diseno-sin-titulo-5.png\",\"contentUrl\":\"https:\/\/cerrajeriaosfran.com\/wp-content\/uploads\/2025\/12\/Diseno-sin-titulo-5.png\",\"width\":400,\"height\":150,\"caption\":\"Cerrajeria Osfran\"},\"image\":{\"@id\":\"https:\/\/cerrajeriaosfran.com\/#\/schema\/logo\/image\/\"},\"sameAs\":[\"https:\/\/www.facebook.com\/cerrajeriaosfran.osfran\",\"https:\/\/www.instagram.com\/osfrancerrajeria\/\"]}]}<\/script>\n<!-- \/ Yoast SEO plugin. -->","yoast_head_json":{"title":"Contacto | Cerrajer\u00eda y forja en Covaleda (Soria)","description":"Contacta con Cerrajer\u00eda Osfran. Cerrajer\u00eda y forja artesanal en Covaleda, Pinares y Soria. Solicita informaci\u00f3n o presupuesto sin compromiso.","robots":{"index":"index","follow":"follow","max-snippet":"max-snippet:-1","max-image-preview":"max-image-preview:large","max-video-preview":"max-video-preview:-1"},"canonical":"https:\/\/cerrajeriaosfran.com\/index.php\/contacto\/","og_locale":"es_ES","og_type":"article","og_title":"Contacto | Cerrajer\u00eda y forja en Covaleda (Soria)","og_description":"Contacta con Cerrajer\u00eda Osfran. Cerrajer\u00eda y forja artesanal en Covaleda, Pinares y Soria. Solicita informaci\u00f3n o presupuesto sin compromiso.","og_url":"https:\/\/cerrajeriaosfran.com\/index.php\/contacto\/","og_site_name":"Cerrajeria Osfran","article_publisher":"https:\/\/www.facebook.com\/cerrajeriaosfran.osfran","article_modified_time":"2025-12-02T11:56:23+00:00","twitter_card":"summary_large_image","twitter_misc":{"Tiempo de lectura":"1 minuto"},"schema":{"@context":"https:\/\/schema.org","@graph":[{"@type":"WebPage","@id":"https:\/\/cerrajeriaosfran.com\/index.php\/contacto\/","url":"https:\/\/cerrajeriaosfran.com\/index.php\/contacto\/","name":"Contacto | Cerrajer\u00eda y forja en Covaleda (Soria)","isPartOf":{"@id":"https:\/\/cerrajeriaosfran.com\/#website"},"datePublished":"2025-12-02T10:07:23+00:00","dateModified":"2025-12-02T11:56:23+00:00","description":"Contacta con Cerrajer\u00eda Osfran. Cerrajer\u00eda y forja artesanal en Covaleda, Pinares y Soria. Solicita informaci\u00f3n o presupuesto sin compromiso.","breadcrumb":{"@id":"https:\/\/cerrajeriaosfran.com\/index.php\/contacto\/#breadcrumb"},"inLanguage":"es","potentialAction":[{"@type":"ReadAction","target":["https:\/\/cerrajeriaosfran.com\/index.php\/contacto\/"]}]},{"@type":"BreadcrumbList","@id":"https:\/\/cerrajeriaosfran.com\/index.php\/contacto\/#breadcrumb","itemListElement":[{"@type":"ListItem","position":1,"name":"Portada","item":"https:\/\/cerrajeriaosfran.com\/"},{"@type":"ListItem","position":2,"name":"Contacto"}]},{"@type":"WebSite","@id":"https:\/\/cerrajeriaosfran.com\/#website","url":"https:\/\/cerrajeriaosfran.com\/","name":"Cerrajeria Osfran","description":"","publisher":{"@id":"https:\/\/cerrajeriaosfran.com\/#organization"},"potentialAction":[{"@type":"SearchAction","target":{"@type":"EntryPoint","urlTemplate":"https:\/\/cerrajeriaosfran.com\/?s={search_term_string}"},"query-input":{"@type":"PropertyValueSpecification","valueRequired":true,"valueName":"search_term_string"}}],"inLanguage":"es"},{"@type":"Organization","@id":"https:\/\/cerrajeriaosfran.com\/#organization","name":"Cerrajeria Osfran","url":"https:\/\/cerrajeriaosfran.com\/","logo":{"@type":"ImageObject","inLanguage":"es","@id":"https:\/\/cerrajeriaosfran.com\/#\/schema\/logo\/image\/","url":"https:\/\/cerrajeriaosfran.com\/wp-content\/uploads\/2025\/12\/Diseno-sin-titulo-5.png","contentUrl":"https:\/\/cerrajeriaosfran.com\/wp-content\/uploads\/2025\/12\/Diseno-sin-titulo-5.png","width":400,"height":150,"caption":"Cerrajeria Osfran"},"image":{"@id":"https:\/\/cerrajeriaosfran.com\/#\/schema\/logo\/image\/"},"sameAs":["https:\/\/www.facebook.com\/cerrajeriaosfran.osfran","https:\/\/www.instagram.com\/osfrancerrajeria\/"]}]}},"_links":{"self":[{"href":"https:\/\/cerrajeriaosfran.com\/index.php\/wp-json\/wp\/v2\/pages\/481","targetHints":{"allow":["GET"]}}],"collection":[{"href":"https:\/\/cerrajeriaosfran.com\/index.php\/wp-json\/wp\/v2\/pages"}],"about":[{"href":"https:\/\/cerrajeriaosfran.com\/index.php\/wp-json\/wp\/v2\/types\/page"}],"author":[{"embeddable":true,"href":"https:\/\/cerrajeriaosfran.com\/index.php\/wp-json\/wp\/v2\/users\/1"}],"replies":[{"embeddable":true,"href":"https:\/\/cerrajeriaosfran.com\/index.php\/wp-json\/wp\/v2\/comments?post=481"}],"version-history":[{"count":4,"href":"https:\/\/cerrajeriaosfran.com\/index.php\/wp-json\/wp\/v2\/pages\/481\/revisions"}],"predecessor-version":[{"id":493,"href":"https:\/\/cerrajeriaosfran.com\/index.php\/wp-json\/wp\/v2\/pages\/481\/revisions\/493"}],"wp:attachment":[{"href":"https:\/\/cerrajeriaosfran.com\/index.php\/wp-json\/wp\/v2\/media?parent=481"}],"curies":[{"name":"wp","href":"https:\/\/api.w.org\/{rel}","templated":true}]}}