{"id":504,"date":"2025-12-02T10:42:22","date_gmt":"2025-12-02T10:42:22","guid":{"rendered":"https:\/\/cerrajeriaosfran.com\/?page_id=504"},"modified":"2025-12-02T12:48:19","modified_gmt":"2025-12-02T12:48:19","slug":"politica-de-cookies","status":"publish","type":"page","link":"https:\/\/cerrajeriaosfran.com\/index.php\/politica-de-cookies\/","title":{"rendered":"Pol\u00edtica de cookies"},"content":{"rendered":"\t\t<div data-elementor-type=\"wp-page\" data-elementor-id=\"504\" class=\"elementor elementor-504\">\n\t\t\t\t<div class=\"elementor-element elementor-element-61f0532 e-flex e-con-boxed e-con e-parent\" data-id=\"61f0532\" data-element_type=\"container\">\n\t\t\t\t\t<div class=\"e-con-inner\">\n\t\t\t\t<div class=\"elementor-element elementor-element-1e9bdd9 elementor-widget elementor-widget-heading\" data-id=\"1e9bdd9\" data-element_type=\"widget\" data-widget_type=\"heading.default\">\n\t\t\t\t\t<h1 class=\"elementor-heading-title elementor-size-default\">POL\u00cdTICA DE COOKIES<\/h1>\t\t\t\t<\/div>\n\t\t\t\t\t<\/div>\n\t\t\t\t<\/div>\n\t\t<div class=\"elementor-element elementor-element-2ebcc3f e-flex e-con-boxed e-con e-parent\" data-id=\"2ebcc3f\" data-element_type=\"container\">\n\t\t\t\t\t<div class=\"e-con-inner\">\n\t\t\t\t<div class=\"elementor-element elementor-element-dd1e18c elementor-widget elementor-widget-text-editor\" data-id=\"dd1e18c\" data-element_type=\"widget\" data-widget_type=\"text-editor.default\">\n\t\t\t\t\t\t\t\t\t<h2 data-start=\"186\" data-end=\"215\">1. \u00bfQu\u00e9 son las cookies?<\/h2><p data-start=\"216\" data-end=\"464\">Las cookies son peque\u00f1os archivos que se descargan en tu dispositivo (ordenador, m\u00f3vil, tablet) cuando visitas una p\u00e1gina web. Permiten almacenar informaci\u00f3n sobre la navegaci\u00f3n del usuario para mejorar su experiencia y el funcionamiento del sitio.<\/p><p data-start=\"466\" data-end=\"502\">Las cookies no da\u00f1an tu dispositivo.<\/p><hr data-start=\"504\" data-end=\"507\" \/><h2 data-start=\"509\" data-end=\"554\">2. Tipos de cookies que utiliza esta web<\/h2><p data-start=\"555\" data-end=\"649\">El sitio web <strong data-start=\"568\" data-end=\"601\"><a class=\"decorated-link\" href=\"https:\/\/cerrajeriaosfran.com\/\" target=\"_new\" rel=\"noopener\" data-start=\"570\" data-end=\"599\">https:\/\/cerrajeriaosfran.com\/<\/a><\/strong> puede utilizar los siguientes tipos de cookies:<\/p><h3 data-start=\"651\" data-end=\"695\"><strong data-start=\"655\" data-end=\"693\">a) Cookies t\u00e9cnicas (obligatorias)<\/strong><\/h3><p data-start=\"696\" data-end=\"775\">Son necesarias para que la web funcione correctamente.<br data-start=\"750\" data-end=\"753\" \/>Permiten, por ejemplo:<\/p><ul data-start=\"777\" data-end=\"894\"><li data-start=\"777\" data-end=\"800\"><p data-start=\"779\" data-end=\"800\">Navegar por la web.<\/p><\/li><li data-start=\"801\" data-end=\"829\"><p data-start=\"803\" data-end=\"829\">Acceder a \u00e1reas seguras.<\/p><\/li><li data-start=\"830\" data-end=\"870\"><p data-start=\"832\" data-end=\"870\">Cargar los contenidos correctamente.<\/p><\/li><li data-start=\"871\" data-end=\"894\"><p data-start=\"873\" data-end=\"894\">Utilizar formularios.<\/p><\/li><\/ul><p data-start=\"896\" data-end=\"950\">Estas cookies no requieren consentimiento del usuario.<\/p><hr data-start=\"952\" data-end=\"955\" \/><h3 data-start=\"957\" data-end=\"996\"><strong data-start=\"961\" data-end=\"994\">b) Cookies de personalizaci\u00f3n<\/strong><\/h3><p data-start=\"997\" data-end=\"1054\">Permiten recordar ciertas preferencias del usuario, como:<\/p><ul data-start=\"1056\" data-end=\"1105\"><li data-start=\"1056\" data-end=\"1067\"><p data-start=\"1058\" data-end=\"1067\">Idioma.<\/p><\/li><li data-start=\"1068\" data-end=\"1105\"><p data-start=\"1070\" data-end=\"1105\">Configuraciones de visualizaci\u00f3n.<\/p><\/li><\/ul><hr data-start=\"1107\" data-end=\"1110\" \/><h3 data-start=\"1112\" data-end=\"1159\"><strong data-start=\"1116\" data-end=\"1157\">c) Cookies de an\u00e1lisis o estad\u00edsticas<\/strong><\/h3><p data-start=\"1160\" data-end=\"1277\">Nos ayudan a entender c\u00f3mo navegan los usuarios por la web y mejorar su funcionamiento.<br data-start=\"1247\" data-end=\"1250\" \/>Ejemplos: Google Analytics.<\/p><p data-start=\"1279\" data-end=\"1323\">La informaci\u00f3n se recopila de forma an\u00f3nima.<\/p><p data-start=\"1325\" data-end=\"1368\">Estas cookies <strong data-start=\"1339\" data-end=\"1367\">requieren consentimiento<\/strong>.<\/p><hr data-start=\"1370\" data-end=\"1373\" \/><h3 data-start=\"1375\" data-end=\"1407\"><strong data-start=\"1379\" data-end=\"1405\">d) Cookies de terceros<\/strong><\/h3><p data-start=\"1408\" data-end=\"1481\">Son cookies instaladas por servicios externos utilizados en la web, como:<\/p><ul data-start=\"1483\" data-end=\"1564\"><li data-start=\"1483\" data-end=\"1498\"><p data-start=\"1485\" data-end=\"1498\">Google Maps<\/p><\/li><li data-start=\"1499\" data-end=\"1519\"><p data-start=\"1501\" data-end=\"1519\">Google Analytics<\/p><\/li><li data-start=\"1520\" data-end=\"1564\"><p data-start=\"1522\" data-end=\"1564\">Redes sociales (Facebook, Instagram, etc.)<\/p><\/li><\/ul><p data-start=\"1566\" data-end=\"1637\">Estos terceros pueden utilizar sus propias cookies seg\u00fan sus pol\u00edticas.<\/p><hr data-start=\"1639\" data-end=\"1642\" \/><h2 data-start=\"1644\" data-end=\"1688\">3. Cookies utilizadas en este sitio web<\/h2>\t\t\t\t\t\t\t\t<\/div>\n\t\t\t\t\t<\/div>\n\t\t\t\t<\/div>\n\t\t<div class=\"elementor-element elementor-element-e8a80c9 e-flex e-con-boxed e-con e-parent\" data-id=\"e8a80c9\" data-element_type=\"container\">\n\t\t\t\t\t<div class=\"e-con-inner\">\n\t\t\t\t<div class=\"elementor-element elementor-element-54b8600 elementor-widget elementor-widget-html\" data-id=\"54b8600\" data-element_type=\"widget\" data-widget_type=\"html.default\">\n\t\t\t\t\t<div class= \"cky-audit-table-element\"><\/div>\t\t\t\t<\/div>\n\t\t\t\t<div class=\"elementor-element elementor-element-55abb94 elementor-widget elementor-widget-text-editor\" data-id=\"55abb94\" data-element_type=\"widget\" data-widget_type=\"text-editor.default\">\n\t\t\t\t\t\t\t\t\t<h2 data-start=\"2456\" data-end=\"2486\"><span style=\"color: #000000;\">4. Gesti\u00f3n de las cookies<\/span><\/h2><p data-start=\"2487\" data-end=\"2599\"><span style=\"color: #000000;\">El usuario puede <strong data-start=\"2504\" data-end=\"2538\">aceptar, rechazar o configurar<\/strong> las cookies desde el banner que aparece al entrar en la web.<\/span><\/p><p data-start=\"2601\" data-end=\"2666\"><span style=\"color: #000000;\">Adem\u00e1s, puede eliminar o bloquear las cookies desde su navegador:<\/span><\/p><h3 data-start=\"2668\" data-end=\"2691\"><span style=\"color: #000000;\"><strong data-start=\"2672\" data-end=\"2689\">Google Chrome<\/strong><\/span><\/h3><p data-start=\"2692\" data-end=\"2765\"><span style=\"color: #000000;\">Configuraci\u00f3n \u2192 Privacidad y seguridad \u2192 Cookies y otros datos de sitios.<\/span><\/p><h3 data-start=\"2767\" data-end=\"2792\"><span style=\"color: #000000;\"><strong data-start=\"2771\" data-end=\"2790\">Mozilla Firefox<\/strong><\/span><\/h3><p data-start=\"2793\" data-end=\"2855\"><span style=\"color: #000000;\">Opciones \u2192 Privacidad y seguridad \u2192 Cookies y datos del sitio.<\/span><\/p><h3 data-start=\"2857\" data-end=\"2873\"><span style=\"color: #000000;\"><strong data-start=\"2861\" data-end=\"2871\">Safari<\/strong><\/span><\/h3><p data-start=\"2874\" data-end=\"2919\"><span style=\"color: #000000;\">Preferencias \u2192 Privacidad \u2192 Gesti\u00f3n de datos.<\/span><\/p><h3 data-start=\"2921\" data-end=\"2945\"><span style=\"color: #000000;\"><strong data-start=\"2925\" data-end=\"2943\">Microsoft Edge<\/strong><\/span><\/h3><p data-start=\"2946\" data-end=\"2991\"><span style=\"color: #000000;\">Configuraci\u00f3n \u2192 Cookies y permisos del sitio.<\/span><\/p><hr data-start=\"2993\" data-end=\"2996\" \/><h2 data-start=\"2998\" data-end=\"3061\"><span style=\"color: #000000;\">5. C\u00f3mo desactivar cookies de terceros (Google, redes, etc.)<\/span><\/h2><h3 data-start=\"3063\" data-end=\"3085\"><span style=\"color: #000000;\">Google Analytics<\/span><\/h3><p data-start=\"3086\" data-end=\"3153\"><span style=\"color: #000000;\">Puedes desactivar aqu\u00ed:<\/span><br data-start=\"3109\" data-end=\"3112\" \/><span style=\"color: #000000;\"><a class=\"decorated-link\" style=\"color: #000000;\" href=\"https:\/\/tools.google.com\/dlpage\/gaoptout\/\" target=\"_new\" rel=\"noopener\" data-start=\"3112\" data-end=\"3153\">https:\/\/tools.google.com\/dlpage\/gaoptout\/<\/a><\/span><\/p><h3 data-start=\"3155\" data-end=\"3195\"><span style=\"color: #000000;\">Publicidad personalizada de Google<\/span><\/h3><p data-start=\"3196\" data-end=\"3231\"><span style=\"color: #000000;\"><a class=\"decorated-link\" style=\"color: #000000;\" href=\"https:\/\/www.google.com\/settings\/ads\" target=\"_new\" rel=\"noopener\" data-start=\"3196\" data-end=\"3231\">https:\/\/www.google.com\/settings\/ads<\/a><\/span><\/p><h3 data-start=\"3233\" data-end=\"3253\"><span style=\"color: #000000;\">Redes sociales<\/span><\/h3><p data-start=\"3254\" data-end=\"3336\"><span style=\"color: #000000;\">Cada red social gestiona sus propias cookies en sus configuraciones de privacidad.<\/span><\/p><hr data-start=\"3338\" data-end=\"3341\" \/><h2 data-start=\"3343\" data-end=\"3381\"><span style=\"color: #000000;\">6. Transferencias internacionales<\/span><\/h2><p data-start=\"3382\" data-end=\"3631\"><span style=\"color: #000000;\">Si se utilizan servicios de terceros como Google, los datos pueden almacenarse en servidores situados fuera de la Uni\u00f3n Europea.<\/span><br data-start=\"3510\" data-end=\"3513\" \/><span style=\"color: #000000;\">Estas entidades garantizan un nivel adecuado de protecci\u00f3n mediante cl\u00e1usulas contractuales o mecanismos equivalentes.<\/span><\/p><hr data-start=\"3633\" data-end=\"3636\" \/><h2 data-start=\"3638\" data-end=\"3682\"><span style=\"color: #000000;\">7. Aceptaci\u00f3n de la Pol\u00edtica de Cookies<\/span><\/h2><p data-start=\"3683\" data-end=\"3797\"><span style=\"color: #000000;\">Al continuar navegando en este sitio web, aceptas el uso de cookies en las condiciones recogidas en esta Pol\u00edtica.<\/span><\/p><p data-start=\"3799\" data-end=\"3915\"><span style=\"color: #000000;\">Podr\u00e1s modificar tu consentimiento en cualquier momento mediante el enlace \u201cConfigurar cookies\u201d en el pie de p\u00e1gina.<\/span><\/p><hr data-start=\"3917\" data-end=\"3920\" \/><h2 data-start=\"3922\" data-end=\"3938\"><span style=\"color: #000000;\">8. Contacto<\/span><\/h2><p data-start=\"3939\" data-end=\"4008\"><span style=\"color: #000000;\">Para cualquier duda sobre esta Pol\u00edtica de Cookies puedes escribir a:<\/span><\/p><p data-start=\"4010\" data-end=\"4103\"><span style=\"color: #000000;\">\ud83d\udce7 <strong data-start=\"4013\" data-end=\"4040\"><a class=\"decorated-link cursor-pointer\" style=\"color: #000000;\" rel=\"noopener\" data-start=\"4015\" data-end=\"4038\">forjaosfran@hotmail.com<\/a><\/strong><\/span><br data-start=\"4040\" data-end=\"4043\" \/><span style=\"color: #000000;\">\ud83d\udccd Paraje Caba\u00f1ares, 42157 Covaleda, Soria<\/span><br data-start=\"4085\" data-end=\"4088\" \/><span style=\"color: #000000;\">\ud83d\udcde 639 08 94 06<\/span><\/p>\t\t\t\t\t\t\t\t<\/div>\n\t\t\t\t\t<\/div>\n\t\t\t\t<\/div>\n\t\t\t\t<\/div>\n\t\t","protected":false},"excerpt":{"rendered":"<p>POL\u00cdTICA DE COOKIES 1. \u00bfQu\u00e9 son las cookies? Las cookies son peque\u00f1os archivos que se descargan en tu dispositivo (ordenador, m\u00f3vil, tablet) cuando visitas una&hellip;<\/p>\n","protected":false},"author":1,"featured_media":0,"parent":0,"menu_order":0,"comment_status":"closed","ping_status":"closed","template":"elementor_header_footer","meta":{"footnotes":""},"class_list":["post-504","page","type-page","status-publish","hentry"],"yoast_head":"<!-- This site is optimized with the Yoast SEO plugin v26.5 - https:\/\/yoast.com\/wordpress\/plugins\/seo\/ -->\n<title>Pol\u00edtica de Cookies | Cerrajer\u00eda Osfran en Covaleda<\/title>\n<meta name=\"description\" content=\"Pol\u00edtica de Cookies de Cerrajer\u00eda Osfran. Informaci\u00f3n sobre el uso de cookies en nuestra web en Covaleda, Pinares y Soria conforme\" \/>\n<meta name=\"robots\" content=\"noindex, follow\" \/>\n<meta property=\"og:locale\" content=\"es_ES\" \/>\n<meta property=\"og:type\" content=\"article\" \/>\n<meta property=\"og:title\" content=\"Pol\u00edtica de Cookies | Cerrajer\u00eda Osfran en Covaleda\" \/>\n<meta property=\"og:description\" content=\"Pol\u00edtica de Cookies de Cerrajer\u00eda Osfran. Informaci\u00f3n sobre el uso de cookies en nuestra web en Covaleda, Pinares y Soria conforme\" \/>\n<meta property=\"og:url\" content=\"https:\/\/cerrajeriaosfran.com\/index.php\/politica-de-cookies\/\" \/>\n<meta property=\"og:site_name\" content=\"Cerrajeria Osfran\" \/>\n<meta property=\"article:publisher\" content=\"https:\/\/www.facebook.com\/cerrajeriaosfran.osfran\" \/>\n<meta property=\"article:modified_time\" content=\"2025-12-02T12:48:19+00:00\" \/>\n<meta name=\"twitter:card\" content=\"summary_large_image\" \/>\n<meta name=\"twitter:label1\" content=\"Tiempo de lectura\" \/>\n\t<meta name=\"twitter:data1\" content=\"2 minutos\" \/>\n<script type=\"application\/ld+json\" class=\"yoast-schema-graph\">{\"@context\":\"https:\/\/schema.org\",\"@graph\":[{\"@type\":\"WebPage\",\"@id\":\"https:\/\/cerrajeriaosfran.com\/index.php\/politica-de-cookies\/\",\"url\":\"https:\/\/cerrajeriaosfran.com\/index.php\/politica-de-cookies\/\",\"name\":\"Pol\u00edtica de Cookies | Cerrajer\u00eda Osfran en Covaleda\",\"isPartOf\":{\"@id\":\"https:\/\/cerrajeriaosfran.com\/#website\"},\"datePublished\":\"2025-12-02T10:42:22+00:00\",\"dateModified\":\"2025-12-02T12:48:19+00:00\",\"description\":\"Pol\u00edtica de Cookies de Cerrajer\u00eda Osfran. Informaci\u00f3n sobre el uso de cookies en nuestra web en Covaleda, Pinares y Soria conforme\",\"breadcrumb\":{\"@id\":\"https:\/\/cerrajeriaosfran.com\/index.php\/politica-de-cookies\/#breadcrumb\"},\"inLanguage\":\"es\",\"potentialAction\":[{\"@type\":\"ReadAction\",\"target\":[\"https:\/\/cerrajeriaosfran.com\/index.php\/politica-de-cookies\/\"]}]},{\"@type\":\"BreadcrumbList\",\"@id\":\"https:\/\/cerrajeriaosfran.com\/index.php\/politica-de-cookies\/#breadcrumb\",\"itemListElement\":[{\"@type\":\"ListItem\",\"position\":1,\"name\":\"Portada\",\"item\":\"https:\/\/cerrajeriaosfran.com\/\"},{\"@type\":\"ListItem\",\"position\":2,\"name\":\"Pol\u00edtica de cookies\"}]},{\"@type\":\"WebSite\",\"@id\":\"https:\/\/cerrajeriaosfran.com\/#website\",\"url\":\"https:\/\/cerrajeriaosfran.com\/\",\"name\":\"Cerrajeria Osfran\",\"description\":\"\",\"publisher\":{\"@id\":\"https:\/\/cerrajeriaosfran.com\/#organization\"},\"potentialAction\":[{\"@type\":\"SearchAction\",\"target\":{\"@type\":\"EntryPoint\",\"urlTemplate\":\"https:\/\/cerrajeriaosfran.com\/?s={search_term_string}\"},\"query-input\":{\"@type\":\"PropertyValueSpecification\",\"valueRequired\":true,\"valueName\":\"search_term_string\"}}],\"inLanguage\":\"es\"},{\"@type\":\"Organization\",\"@id\":\"https:\/\/cerrajeriaosfran.com\/#organization\",\"name\":\"Cerrajeria Osfran\",\"url\":\"https:\/\/cerrajeriaosfran.com\/\",\"logo\":{\"@type\":\"ImageObject\",\"inLanguage\":\"es\",\"@id\":\"https:\/\/cerrajeriaosfran.com\/#\/schema\/logo\/image\/\",\"url\":\"https:\/\/cerrajeriaosfran.com\/wp-content\/uploads\/2025\/12\/Diseno-sin-titulo-5.png\",\"contentUrl\":\"https:\/\/cerrajeriaosfran.com\/wp-content\/uploads\/2025\/12\/Diseno-sin-titulo-5.png\",\"width\":400,\"height\":150,\"caption\":\"Cerrajeria Osfran\"},\"image\":{\"@id\":\"https:\/\/cerrajeriaosfran.com\/#\/schema\/logo\/image\/\"},\"sameAs\":[\"https:\/\/www.facebook.com\/cerrajeriaosfran.osfran\",\"https:\/\/www.instagram.com\/osfrancerrajeria\/\"]}]}<\/script>\n<!-- \/ Yoast SEO plugin. -->","yoast_head_json":{"title":"Pol\u00edtica de Cookies | Cerrajer\u00eda Osfran en Covaleda","description":"Pol\u00edtica de Cookies de Cerrajer\u00eda Osfran. Informaci\u00f3n sobre el uso de cookies en nuestra web en Covaleda, Pinares y Soria conforme","robots":{"index":"noindex","follow":"follow"},"og_locale":"es_ES","og_type":"article","og_title":"Pol\u00edtica de Cookies | Cerrajer\u00eda Osfran en Covaleda","og_description":"Pol\u00edtica de Cookies de Cerrajer\u00eda Osfran. Informaci\u00f3n sobre el uso de cookies en nuestra web en Covaleda, Pinares y Soria conforme","og_url":"https:\/\/cerrajeriaosfran.com\/index.php\/politica-de-cookies\/","og_site_name":"Cerrajeria Osfran","article_publisher":"https:\/\/www.facebook.com\/cerrajeriaosfran.osfran","article_modified_time":"2025-12-02T12:48:19+00:00","twitter_card":"summary_large_image","twitter_misc":{"Tiempo de lectura":"2 minutos"},"schema":{"@context":"https:\/\/schema.org","@graph":[{"@type":"WebPage","@id":"https:\/\/cerrajeriaosfran.com\/index.php\/politica-de-cookies\/","url":"https:\/\/cerrajeriaosfran.com\/index.php\/politica-de-cookies\/","name":"Pol\u00edtica de Cookies | Cerrajer\u00eda Osfran en Covaleda","isPartOf":{"@id":"https:\/\/cerrajeriaosfran.com\/#website"},"datePublished":"2025-12-02T10:42:22+00:00","dateModified":"2025-12-02T12:48:19+00:00","description":"Pol\u00edtica de Cookies de Cerrajer\u00eda Osfran. Informaci\u00f3n sobre el uso de cookies en nuestra web en Covaleda, Pinares y Soria conforme","breadcrumb":{"@id":"https:\/\/cerrajeriaosfran.com\/index.php\/politica-de-cookies\/#breadcrumb"},"inLanguage":"es","potentialAction":[{"@type":"ReadAction","target":["https:\/\/cerrajeriaosfran.com\/index.php\/politica-de-cookies\/"]}]},{"@type":"BreadcrumbList","@id":"https:\/\/cerrajeriaosfran.com\/index.php\/politica-de-cookies\/#breadcrumb","itemListElement":[{"@type":"ListItem","position":1,"name":"Portada","item":"https:\/\/cerrajeriaosfran.com\/"},{"@type":"ListItem","position":2,"name":"Pol\u00edtica de cookies"}]},{"@type":"WebSite","@id":"https:\/\/cerrajeriaosfran.com\/#website","url":"https:\/\/cerrajeriaosfran.com\/","name":"Cerrajeria Osfran","description":"","publisher":{"@id":"https:\/\/cerrajeriaosfran.com\/#organization"},"potentialAction":[{"@type":"SearchAction","target":{"@type":"EntryPoint","urlTemplate":"https:\/\/cerrajeriaosfran.com\/?s={search_term_string}"},"query-input":{"@type":"PropertyValueSpecification","valueRequired":true,"valueName":"search_term_string"}}],"inLanguage":"es"},{"@type":"Organization","@id":"https:\/\/cerrajeriaosfran.com\/#organization","name":"Cerrajeria Osfran","url":"https:\/\/cerrajeriaosfran.com\/","logo":{"@type":"ImageObject","inLanguage":"es","@id":"https:\/\/cerrajeriaosfran.com\/#\/schema\/logo\/image\/","url":"https:\/\/cerrajeriaosfran.com\/wp-content\/uploads\/2025\/12\/Diseno-sin-titulo-5.png","contentUrl":"https:\/\/cerrajeriaosfran.com\/wp-content\/uploads\/2025\/12\/Diseno-sin-titulo-5.png","width":400,"height":150,"caption":"Cerrajeria Osfran"},"image":{"@id":"https:\/\/cerrajeriaosfran.com\/#\/schema\/logo\/image\/"},"sameAs":["https:\/\/www.facebook.com\/cerrajeriaosfran.osfran","https:\/\/www.instagram.com\/osfrancerrajeria\/"]}]}},"_links":{"self":[{"href":"https:\/\/cerrajeriaosfran.com\/index.php\/wp-json\/wp\/v2\/pages\/504","targetHints":{"allow":["GET"]}}],"collection":[{"href":"https:\/\/cerrajeriaosfran.com\/index.php\/wp-json\/wp\/v2\/pages"}],"about":[{"href":"https:\/\/cerrajeriaosfran.com\/index.php\/wp-json\/wp\/v2\/types\/page"}],"author":[{"embeddable":true,"href":"https:\/\/cerrajeriaosfran.com\/index.php\/wp-json\/wp\/v2\/users\/1"}],"replies":[{"embeddable":true,"href":"https:\/\/cerrajeriaosfran.com\/index.php\/wp-json\/wp\/v2\/comments?post=504"}],"version-history":[{"count":10,"href":"https:\/\/cerrajeriaosfran.com\/index.php\/wp-json\/wp\/v2\/pages\/504\/revisions"}],"predecessor-version":[{"id":550,"href":"https:\/\/cerrajeriaosfran.com\/index.php\/wp-json\/wp\/v2\/pages\/504\/revisions\/550"}],"wp:attachment":[{"href":"https:\/\/cerrajeriaosfran.com\/index.php\/wp-json\/wp\/v2\/media?parent=504"}],"curies":[{"name":"wp","href":"https:\/\/api.w.org\/{rel}","templated":true}]}}